{"id":14432,"date":"2024-05-13T02:39:53","date_gmt":"2024-05-13T02:39:53","guid":{"rendered":"https:\/\/sunme.top\/?post_type=product&#038;p=14432"},"modified":"2024-07-29T09:22:05","modified_gmt":"2024-07-29T09:22:05","slug":"sd043068r-2","status":"publish","type":"product","link":"https:\/\/sunmelighting.com\/sv\/product\/sd043068r-2\/","title":{"rendered":"LETGO 68 V\u00e4ggtv\u00e4tt Fast \/ Trim"},"content":{"rendered":"<div data-elementor-type=\"wp-post\" data-elementor-id=\"14432\" class=\"elementor elementor-14432\" data-elementor-post-type=\"product\">\n\t\t\t\t<div class=\"wd-negative-gap elementor-element elementor-element-52b2d53 e-flex e-con-boxed e-con e-parent\" data-id=\"52b2d53\" data-element_type=\"container\" data-e-type=\"container\">\n\t\t\t\t\t<div class=\"e-con-inner\">\n\t\t\t\t\t<\/div>\n\t\t\t\t<\/div>\n\t\t\t\t<\/div>","protected":false},"excerpt":{"rendered":"<div class=\"pix-el-text slide-in-container w-100\">\n<div class=\"d-inline-block\">SD043068R<\/div>\n<\/div>\n<div class=\"wpb_text_column wpb_content_element\">\n<div class=\"wpb_wrapper\">\n<p>Effekt: 15W<br \/>\nUtskuren: \u03a675mm<br \/>\nStr\u00e5lningsvinkel: V\u00e4ggtv\u00e4tt<br \/>\nCCT: 2700K\/3000K\/3500K\/4000K<br \/>\nF\u00e4rg: Vit \/ Svart \/ Anpassad<br \/>\nInstallation: Inf\u00e4lld<\/p>\n<p data-wp-editing=\"1\"><img decoding=\"async\" class=\"alignnone wp-image-14380 size-full\" src=\"http:\/\/sunmelighting.com\/wp-content\/uploads\/2024\/05\/400X110-LETGO-DOWNLIGHT.png.webp\" alt=\"\" width=\"400\" height=\"110\" srcset=\"https:\/\/sunmelighting.com\/wp-content\/uploads\/2024\/05\/400X110-LETGO-DOWNLIGHT.png.webp 400w, https:\/\/sunmelighting.com\/wp-content\/uploads\/2024\/05\/400X110-LETGO-DOWNLIGHT.png-150x41.webp 150w, https:\/\/sunmelighting.com\/wp-content\/uploads\/2024\/05\/400X110-LETGO-DOWNLIGHT.png-300x83.webp 300w\" sizes=\"(max-width: 400px) 100vw, 400px\" \/><\/p>\n<\/div>\n<\/div>\n<h3 data-wp-editing=\"1\"><strong>Produktbeskrivning<\/strong><\/h3>\n<ul>\n<li>Passiv kylmotor med konvektion s\u00e4kerst\u00e4ller l\u00e5ng livsl\u00e4ngd f\u00f6r armaturerna.<\/li>\n<li>Det idealiska avst\u00e5ndet till v\u00e4ggen (a) \u00e4r en tredjedel av rumsh\u00f6jden (h) .<br \/>\nOrdningsf\u00f6ljd: h = (3-4) x a<\/li>\n<li>F\u00f6r wallwashing med god och j\u00e4mn horisontell belysningsstyrka kan avst\u00e5ndet (d) mellan wallwashers med dubbelfokus vara upp till 1,0 g\u00e5nger f\u00f6rskjutningen fr\u00e5n v\u00e4ggen (a).<br \/>\nArrangemang: d \u2264 a x (0,5-1,0)<\/li>\n<\/ul>","protected":false},"featured_media":14434,"comment_status":"open","ping_status":"closed","template":"","meta":[],"product_brand":[],"product_cat":[256],"product_tag":[],"class_list":{"0":"post-14432","1":"product","2":"type-product","3":"status-publish","4":"has-post-thumbnail","6":"product_cat-letgo-wall-wash","8":"first","9":"instock","10":"shipping-taxable","11":"product-type-simple"},"_links":{"self":[{"href":"https:\/\/sunmelighting.com\/sv\/wp-json\/wp\/v2\/product\/14432","targetHints":{"allow":["GET"]}}],"collection":[{"href":"https:\/\/sunmelighting.com\/sv\/wp-json\/wp\/v2\/product"}],"about":[{"href":"https:\/\/sunmelighting.com\/sv\/wp-json\/wp\/v2\/types\/product"}],"replies":[{"embeddable":true,"href":"https:\/\/sunmelighting.com\/sv\/wp-json\/wp\/v2\/comments?post=14432"}],"version-history":[{"count":0,"href":"https:\/\/sunmelighting.com\/sv\/wp-json\/wp\/v2\/product\/14432\/revisions"}],"wp:featuredmedia":[{"embeddable":true,"href":"https:\/\/sunmelighting.com\/sv\/wp-json\/wp\/v2\/media\/14434"}],"wp:attachment":[{"href":"https:\/\/sunmelighting.com\/sv\/wp-json\/wp\/v2\/media?parent=14432"}],"wp:term":[{"taxonomy":"product_brand","embeddable":true,"href":"https:\/\/sunmelighting.com\/sv\/wp-json\/wp\/v2\/product_brand?post=14432"},{"taxonomy":"product_cat","embeddable":true,"href":"https:\/\/sunmelighting.com\/sv\/wp-json\/wp\/v2\/product_cat?post=14432"},{"taxonomy":"product_tag","embeddable":true,"href":"https:\/\/sunmelighting.com\/sv\/wp-json\/wp\/v2\/product_tag?post=14432"}],"curies":[{"name":"wp","href":"https:\/\/api.w.org\/{rel}","templated":true}]}}