{"id":17166,"date":"2024-09-06T08:00:28","date_gmt":"2024-09-06T08:00:28","guid":{"rendered":"http:\/\/sunmelighting.com\/?post_type=product&#038;p=17166"},"modified":"2024-09-06T08:24:49","modified_gmt":"2024-09-06T08:24:49","slug":"ss815072r","status":"publish","type":"product","link":"https:\/\/sunmelighting.com\/sv\/product\/ss815072r\/","title":{"rendered":"HELLAS 72R rund utanp\u00e5liggande downlight"},"content":{"rendered":"<div data-elementor-type=\"wp-post\" data-elementor-id=\"17166\" class=\"elementor elementor-17166\" data-elementor-post-type=\"product\">\n\t\t\t\t<div class=\"wd-negative-gap elementor-element elementor-element-52b2d53 e-flex e-con-boxed e-con e-parent\" data-id=\"52b2d53\" data-element_type=\"container\" data-e-type=\"container\">\n\t\t\t\t\t<div class=\"e-con-inner\">\n\t\t\t\t\t<\/div>\n\t\t\t\t<\/div>\n\t\t\t\t<\/div>","protected":false},"excerpt":{"rendered":"<div class=\"pix-el-text slide-in-container w-100\">\n<div class=\"d-inline-block\" style=\"text-align: left;\">SS815072R<\/div>\n<\/div>\n<div class=\"wpb_text_column wpb_content_element\" style=\"text-align: left;\">\n<div class=\"wpb_wrapper\">\n<p>Effekt: 8W<br \/>\nUtskuren: \/<br \/>\nStr\u00e5lningsvinkel: 15\u00b0\/36\u00b0\/55\u00b0<br \/>\nCCT: 2700K\/3000K\/3500K\/4000K<br \/>\nF\u00e4rg: Vit \/ Svart \/ Anpassad<br \/>\nInstallation: Ytmonterad<\/p>\n<\/div>\n<\/div>\n<p style=\"text-align: left;\"><img decoding=\"async\" class=\"alignnone size-full wp-image-17170\" src=\"http:\/\/sunmelighting.com\/wp-content\/uploads\/2024\/09\/HELLAS.webp\" alt=\"\" width=\"400\" height=\"110\" srcset=\"https:\/\/sunmelighting.com\/wp-content\/uploads\/2024\/09\/HELLAS.webp 400w, https:\/\/sunmelighting.com\/wp-content\/uploads\/2024\/09\/HELLAS-300x83.webp 300w, https:\/\/sunmelighting.com\/wp-content\/uploads\/2024\/09\/HELLAS-150x41.webp 150w\" sizes=\"(max-width: 400px) 100vw, 400px\" \/><\/p>\n<h3 style=\"text-align: left;\" data-wp-editing=\"1\"><strong>Produktbeskrivning<\/strong><\/h3>\n<ul>\n<li style=\"text-align: left;\">Djup reflektor med b\u00e4sta m\u00f6jliga antireflexbelysning.<\/li>\n<li style=\"text-align: left;\">Pressgjuten kylfl\u00e4ns s\u00e4kerst\u00e4ller tillr\u00e4cklig v\u00e4rmeavledning och l\u00e5ng livsl\u00e4ngd.<\/li>\n<li style=\"text-align: left;\">Str\u00f6mf\u00f6rbrukning fr\u00e5n 8W till max 32W i olika storlekar.<\/li>\n<li style=\"text-align: left;\">CCT 2700K \/ 3000K \/ 4000\/ 6000K tillg\u00e4nglig, CRI 90 \/ 95 som tillval.<\/li>\n<\/ul>","protected":false},"featured_media":17172,"comment_status":"open","ping_status":"closed","template":"","meta":[],"product_brand":[],"product_cat":[298],"product_tag":[],"class_list":{"0":"post-17166","1":"product","2":"type-product","3":"status-publish","4":"has-post-thumbnail","6":"product_cat-hellas","8":"first","9":"instock","10":"shipping-taxable","11":"product-type-simple"},"_links":{"self":[{"href":"https:\/\/sunmelighting.com\/sv\/wp-json\/wp\/v2\/product\/17166","targetHints":{"allow":["GET"]}}],"collection":[{"href":"https:\/\/sunmelighting.com\/sv\/wp-json\/wp\/v2\/product"}],"about":[{"href":"https:\/\/sunmelighting.com\/sv\/wp-json\/wp\/v2\/types\/product"}],"replies":[{"embeddable":true,"href":"https:\/\/sunmelighting.com\/sv\/wp-json\/wp\/v2\/comments?post=17166"}],"version-history":[{"count":0,"href":"https:\/\/sunmelighting.com\/sv\/wp-json\/wp\/v2\/product\/17166\/revisions"}],"wp:featuredmedia":[{"embeddable":true,"href":"https:\/\/sunmelighting.com\/sv\/wp-json\/wp\/v2\/media\/17172"}],"wp:attachment":[{"href":"https:\/\/sunmelighting.com\/sv\/wp-json\/wp\/v2\/media?parent=17166"}],"wp:term":[{"taxonomy":"product_brand","embeddable":true,"href":"https:\/\/sunmelighting.com\/sv\/wp-json\/wp\/v2\/product_brand?post=17166"},{"taxonomy":"product_cat","embeddable":true,"href":"https:\/\/sunmelighting.com\/sv\/wp-json\/wp\/v2\/product_cat?post=17166"},{"taxonomy":"product_tag","embeddable":true,"href":"https:\/\/sunmelighting.com\/sv\/wp-json\/wp\/v2\/product_tag?post=17166"}],"curies":[{"name":"wp","href":"https:\/\/api.w.org\/{rel}","templated":true}]}}