{"id":17244,"date":"2024-09-09T01:53:39","date_gmt":"2024-09-09T01:53:39","guid":{"rendered":"http:\/\/sunmelighting.com\/?post_type=product&#038;p=17244"},"modified":"2025-06-23T10:07:41","modified_gmt":"2025-06-23T02:07:41","slug":"sc6082100r-ar","status":"publish","type":"product","link":"https:\/\/sunmelighting.com\/sv\/product\/sc6082100r-ar\/","title":{"rendered":"Trunk 100 Alanod Reflektor \/ In &amp; Ut"},"content":{"rendered":"<div data-elementor-type=\"wp-post\" data-elementor-id=\"17244\" class=\"elementor elementor-17244\" data-elementor-post-type=\"product\">\n\t\t\t\t<div class=\"wd-negative-gap elementor-element elementor-element-52b2d53 e-flex e-con-boxed e-con e-parent\" data-id=\"52b2d53\" data-element_type=\"container\" data-e-type=\"container\">\n\t\t\t\t\t<div class=\"e-con-inner\">\n\t\t\t\t\t<\/div>\n\t\t\t\t<\/div>\n\t\t\t\t<\/div>","protected":false},"excerpt":{"rendered":"<div class=\"pix-el-text slide-in-container w-100\">\n<div class=\"d-inline-block\" style=\"text-align: left;\">SC6082100R-AR<\/div>\n<\/div>\n<div class=\"wpb_text_column wpb_content_element\" style=\"text-align: left;\">\n<div class=\"wpb_wrapper\">\n<p>Effekt:25W<br \/>\nUtskuren: \u03a6100mm<br \/>\nStr\u00e5lningsvinkel: 24\u00b0\/30\u00b0\/40\u00b0<br \/>\nCCT: 2700K\/3000K\/3500K\/4000K<br \/>\nF\u00e4rg: Vit \/ Svart \/ Anpassad<br \/>\nInstallation: Inf\u00e4lld<\/p>\n<\/div>\n<\/div>\n<p style=\"text-align: left;\"><img decoding=\"async\" class=\"alignnone size-full wp-image-17225\" src=\"http:\/\/sunmelighting.com\/wp-content\/uploads\/2024\/09\/Trunk.webp\" alt=\"\" width=\"400\" height=\"110\" srcset=\"https:\/\/sunmelighting.com\/wp-content\/uploads\/2024\/09\/Trunk.webp 400w, https:\/\/sunmelighting.com\/wp-content\/uploads\/2024\/09\/Trunk-300x83.webp 300w, https:\/\/sunmelighting.com\/wp-content\/uploads\/2024\/09\/Trunk-150x41.webp 150w\" sizes=\"(max-width: 400px) 100vw, 400px\" \/><\/p>\n<h3 style=\"text-align: left;\" data-wp-editing=\"1\"><strong>Produktbeskrivning<\/strong><\/h3>\n<ul>\n<li style=\"text-align: left;\">Push In &amp; Pull Out-str\u00e5lkastare med 355 graders justerbar uppfyller kraven p\u00e5 belysning i alla riktningar.<\/li>\n<li style=\"text-align: left;\">Systemeffektivitet upp till 130Lm\/W @3000K 90RA.<\/li>\n<li style=\"text-align: left;\">Antireflexbehandlad lins \/ Aluminiumreflektor \/ Alanodreflektorversion tillg\u00e4nglig.<\/li>\n<li style=\"text-align: left;\">TRIAC \/ 0-10V \/ DALI-dimning som tillval. Fullt utbud av str\u00e5lvinklar tillg\u00e4ngliga f\u00f6r projekt.<\/li>\n<\/ul>","protected":false},"featured_media":17247,"comment_status":"closed","ping_status":"closed","template":"","meta":[],"product_brand":[],"product_cat":[299],"product_tag":[],"class_list":{"0":"post-17244","1":"product","2":"type-product","3":"status-publish","4":"has-post-thumbnail","6":"product_cat-trunk","8":"first","9":"instock","10":"shipping-taxable","11":"product-type-simple"},"_links":{"self":[{"href":"https:\/\/sunmelighting.com\/sv\/wp-json\/wp\/v2\/product\/17244","targetHints":{"allow":["GET"]}}],"collection":[{"href":"https:\/\/sunmelighting.com\/sv\/wp-json\/wp\/v2\/product"}],"about":[{"href":"https:\/\/sunmelighting.com\/sv\/wp-json\/wp\/v2\/types\/product"}],"replies":[{"embeddable":true,"href":"https:\/\/sunmelighting.com\/sv\/wp-json\/wp\/v2\/comments?post=17244"}],"version-history":[{"count":0,"href":"https:\/\/sunmelighting.com\/sv\/wp-json\/wp\/v2\/product\/17244\/revisions"}],"wp:featuredmedia":[{"embeddable":true,"href":"https:\/\/sunmelighting.com\/sv\/wp-json\/wp\/v2\/media\/17247"}],"wp:attachment":[{"href":"https:\/\/sunmelighting.com\/sv\/wp-json\/wp\/v2\/media?parent=17244"}],"wp:term":[{"taxonomy":"product_brand","embeddable":true,"href":"https:\/\/sunmelighting.com\/sv\/wp-json\/wp\/v2\/product_brand?post=17244"},{"taxonomy":"product_cat","embeddable":true,"href":"https:\/\/sunmelighting.com\/sv\/wp-json\/wp\/v2\/product_cat?post=17244"},{"taxonomy":"product_tag","embeddable":true,"href":"https:\/\/sunmelighting.com\/sv\/wp-json\/wp\/v2\/product_tag?post=17244"}],"curies":[{"name":"wp","href":"https:\/\/api.w.org\/{rel}","templated":true}]}}