{"id":11258,"date":"2024-04-03T02:39:19","date_gmt":"2024-04-03T02:39:19","guid":{"rendered":"https:\/\/sunme.top\/?post_type=product&#038;p=11258"},"modified":"2024-08-21T02:56:25","modified_gmt":"2024-08-21T02:56:25","slug":"sd041068r-1","status":"publish","type":"product","link":"https:\/\/sunmelighting.com\/tr\/product\/sd041068r-1\/","title":{"rendered":"EVO 68 A\u015fa\u011f\u0131 I\u015f\u0131k Sabit \/ Trim"},"content":{"rendered":"<div data-elementor-type=\"wp-post\" data-elementor-id=\"11258\" class=\"elementor elementor-11258\" data-elementor-post-type=\"product\">\n\t\t\t\t<div class=\"wd-negative-gap elementor-element elementor-element-52b2d53 e-flex e-con-boxed e-con e-parent\" data-id=\"52b2d53\" data-element_type=\"container\" data-e-type=\"container\">\n\t\t\t\t\t<div class=\"e-con-inner\">\n\t\t\t\t\t<\/div>\n\t\t\t\t<\/div>\n\t\t<div class=\"wd-negative-gap elementor-element elementor-element-a1c0db8 e-flex e-con-boxed e-con e-parent\" data-id=\"a1c0db8\" data-element_type=\"container\" data-e-type=\"container\">\n\t\t\t\t\t<div class=\"e-con-inner\">\n\t\t\t\t<div class=\"elementor-element elementor-element-98fe565 wd-width-100 elementor-widget elementor-widget-wd_title\" data-id=\"98fe565\" data-element_type=\"widget\" data-e-type=\"widget\" data-widget_type=\"wd_title.default\">\n\t\t\t\t<div class=\"elementor-widget-container\">\n\t\t\t\t\t\t\t<div class=\"title-wrapper wd-set-mb reset-last-child wd-title-color-default wd-title-style-default wd-title-size-default text-left\">\n\n\t\t\t\n\t\t\t<div class=\"liner-continer\">\n\t\t\t\t<h4 class=\"woodmart-title-container title wd-fontsize-l\">\u0130lgili Aksesuarlar<\/h4> \n\t\t\t\t\t\t\t<\/div>\n\n\t\t\t\t\t<\/div>\n\t\t\t\t\t\t<\/div>\n\t\t\t\t<\/div>\n\t\t<div class=\"elementor-element elementor-element-452468f e-con-full e-flex e-con e-child\" data-id=\"452468f\" data-element_type=\"container\" data-e-type=\"container\">\n\t\t<div class=\"elementor-element elementor-element-7e26e74 e-con-full e-flex e-con e-child\" data-id=\"7e26e74\" data-element_type=\"container\" data-e-type=\"container\">\n\t\t\t\t<div class=\"elementor-element elementor-element-39f0c80 elementor-position-top elementor-widget elementor-widget-image-box\" data-id=\"39f0c80\" data-element_type=\"widget\" data-e-type=\"widget\" data-widget_type=\"image-box.default\">\n\t\t\t\t<div class=\"elementor-widget-container\">\n\t\t\t\t\t<div class=\"elementor-image-box-wrapper\"><figure class=\"elementor-image-box-img\"><img decoding=\"async\" width=\"800\" height=\"800\" src=\"https:\/\/sunmelighting.com\/wp-content\/uploads\/2024\/04\/black-round.webp\" class=\"attachment-full size-full wp-image-11359\" alt=\"\" title=\"\" srcset=\"https:\/\/sunmelighting.com\/wp-content\/uploads\/2024\/04\/black-round.webp 800w, https:\/\/sunmelighting.com\/wp-content\/uploads\/2024\/04\/black-round-600x600.webp 600w, https:\/\/sunmelighting.com\/wp-content\/uploads\/2024\/04\/black-round-150x150.webp 150w, https:\/\/sunmelighting.com\/wp-content\/uploads\/2024\/04\/black-round-300x300.webp 300w, https:\/\/sunmelighting.com\/wp-content\/uploads\/2024\/04\/black-round-768x768.webp 768w\" sizes=\"(max-width: 800px) 100vw, 800px\" \/><\/figure><div class=\"elementor-image-box-content\"><h3 class=\"elementor-image-box-title\">Mat Siyah<\/h3><\/div><\/div>\t\t\t\t<\/div>\n\t\t\t\t<\/div>\n\t\t\t\t<\/div>\n\t\t<div class=\"elementor-element elementor-element-e67a914 e-con-full e-flex e-con e-child\" data-id=\"e67a914\" data-element_type=\"container\" data-e-type=\"container\">\n\t\t\t\t<div class=\"elementor-element elementor-element-31c64dd elementor-position-top elementor-widget elementor-widget-image-box\" data-id=\"31c64dd\" data-element_type=\"widget\" data-e-type=\"widget\" data-widget_type=\"image-box.default\">\n\t\t\t\t<div class=\"elementor-widget-container\">\n\t\t\t\t\t<div class=\"elementor-image-box-wrapper\"><figure class=\"elementor-image-box-img\"><img decoding=\"async\" width=\"800\" height=\"800\" src=\"https:\/\/sunmelighting.com\/wp-content\/uploads\/2024\/04\/Golden-round.webp\" class=\"attachment-full size-full wp-image-11361\" alt=\"\" title=\"\" srcset=\"https:\/\/sunmelighting.com\/wp-content\/uploads\/2024\/04\/Golden-round.webp 800w, https:\/\/sunmelighting.com\/wp-content\/uploads\/2024\/04\/Golden-round-600x600.webp 600w, https:\/\/sunmelighting.com\/wp-content\/uploads\/2024\/04\/Golden-round-150x150.webp 150w, https:\/\/sunmelighting.com\/wp-content\/uploads\/2024\/04\/Golden-round-300x300.webp 300w, https:\/\/sunmelighting.com\/wp-content\/uploads\/2024\/04\/Golden-round-768x768.webp 768w\" sizes=\"(max-width: 800px) 100vw, 800px\" \/><\/figure><div class=\"elementor-image-box-content\"><h3 class=\"elementor-image-box-title\">Alt\u0131n<\/h3><\/div><\/div>\t\t\t\t<\/div>\n\t\t\t\t<\/div>\n\t\t\t\t<\/div>\n\t\t<div class=\"elementor-element elementor-element-50b0cb0 e-con-full e-flex e-con e-child\" data-id=\"50b0cb0\" data-element_type=\"container\" data-e-type=\"container\">\n\t\t\t\t<div class=\"elementor-element elementor-element-c325374 elementor-position-top elementor-widget elementor-widget-image-box\" data-id=\"c325374\" data-element_type=\"widget\" data-e-type=\"widget\" data-widget_type=\"image-box.default\">\n\t\t\t\t<div class=\"elementor-widget-container\">\n\t\t\t\t\t<div class=\"elementor-image-box-wrapper\"><figure class=\"elementor-image-box-img\"><img decoding=\"async\" width=\"800\" height=\"800\" src=\"https:\/\/sunmelighting.com\/wp-content\/uploads\/2024\/04\/white-round.webp\" class=\"attachment-full size-full wp-image-11374\" alt=\"\" title=\"\" srcset=\"https:\/\/sunmelighting.com\/wp-content\/uploads\/2024\/04\/white-round.webp 800w, https:\/\/sunmelighting.com\/wp-content\/uploads\/2024\/04\/white-round-600x600.webp 600w, https:\/\/sunmelighting.com\/wp-content\/uploads\/2024\/04\/white-round-150x150.webp 150w, https:\/\/sunmelighting.com\/wp-content\/uploads\/2024\/04\/white-round-300x300.webp 300w, https:\/\/sunmelighting.com\/wp-content\/uploads\/2024\/04\/white-round-768x768.webp 768w\" sizes=\"(max-width: 800px) 100vw, 800px\" \/><\/figure><div class=\"elementor-image-box-content\"><h3 class=\"elementor-image-box-title\">Matt White<\/h3><\/div><\/div>\t\t\t\t<\/div>\n\t\t\t\t<\/div>\n\t\t\t\t<\/div>\n\t\t<div class=\"elementor-element elementor-element-9755820 e-con-full e-flex e-con e-child\" data-id=\"9755820\" data-element_type=\"container\" data-e-type=\"container\">\n\t\t\t\t<div class=\"elementor-element elementor-element-8b3ccdb elementor-position-top elementor-widget elementor-widget-image-box\" data-id=\"8b3ccdb\" data-element_type=\"widget\" data-e-type=\"widget\" data-widget_type=\"image-box.default\">\n\t\t\t\t<div class=\"elementor-widget-container\">\n\t\t\t\t\t<div class=\"elementor-image-box-wrapper\"><figure class=\"elementor-image-box-img\"><img decoding=\"async\" width=\"800\" height=\"800\" src=\"https:\/\/sunmelighting.com\/wp-content\/uploads\/2024\/04\/Shine-round.webp\" class=\"attachment-full size-full wp-image-11367\" alt=\"\" title=\"\" srcset=\"https:\/\/sunmelighting.com\/wp-content\/uploads\/2024\/04\/Shine-round.webp 800w, https:\/\/sunmelighting.com\/wp-content\/uploads\/2024\/04\/Shine-round-600x600.webp 600w, https:\/\/sunmelighting.com\/wp-content\/uploads\/2024\/04\/Shine-round-150x150.webp 150w, https:\/\/sunmelighting.com\/wp-content\/uploads\/2024\/04\/Shine-round-300x300.webp 300w, https:\/\/sunmelighting.com\/wp-content\/uploads\/2024\/04\/Shine-round-768x768.webp 768w\" sizes=\"(max-width: 800px) 100vw, 800px\" \/><\/figure><div class=\"elementor-image-box-content\"><h3 class=\"elementor-image-box-title\">Parlak Siyah<\/h3><\/div><\/div>\t\t\t\t<\/div>\n\t\t\t\t<\/div>\n\t\t\t\t<\/div>\n\t\t\t\t<\/div>\n\t\t<div class=\"elementor-element elementor-element-925ad51 e-con-full e-flex e-con e-child\" data-id=\"925ad51\" data-element_type=\"container\" data-e-type=\"container\">\n\t\t<div class=\"elementor-element elementor-element-d7ef059 e-con-full e-flex e-con e-child\" data-id=\"d7ef059\" data-element_type=\"container\" data-e-type=\"container\">\n\t\t\t\t<div class=\"elementor-element elementor-element-6f100c5 elementor-position-top elementor-widget elementor-widget-image-box\" data-id=\"6f100c5\" data-element_type=\"widget\" data-e-type=\"widget\" data-widget_type=\"image-box.default\">\n\t\t\t\t<div class=\"elementor-widget-container\">\n\t\t\t\t\t<div class=\"elementor-image-box-wrapper\"><figure class=\"elementor-image-box-img\"><img decoding=\"async\" width=\"800\" height=\"800\" src=\"https:\/\/sunmelighting.com\/wp-content\/uploads\/2024\/04\/silver-round.webp\" class=\"attachment-full size-full wp-image-11369\" alt=\"\" title=\"\" srcset=\"https:\/\/sunmelighting.com\/wp-content\/uploads\/2024\/04\/silver-round.webp 800w, https:\/\/sunmelighting.com\/wp-content\/uploads\/2024\/04\/silver-round-600x600.webp 600w, https:\/\/sunmelighting.com\/wp-content\/uploads\/2024\/04\/silver-round-150x150.webp 150w, https:\/\/sunmelighting.com\/wp-content\/uploads\/2024\/04\/silver-round-300x300.webp 300w, https:\/\/sunmelighting.com\/wp-content\/uploads\/2024\/04\/silver-round-768x768.webp 768w\" sizes=\"(max-width: 800px) 100vw, 800px\" \/><\/figure><div class=\"elementor-image-box-content\"><h3 class=\"elementor-image-box-title\">Spek\u00fcler<\/h3><\/div><\/div>\t\t\t\t<\/div>\n\t\t\t\t<\/div>\n\t\t\t\t<\/div>\n\t\t<div class=\"elementor-element elementor-element-e4f790b e-con-full e-flex e-con e-child\" data-id=\"e4f790b\" data-element_type=\"container\" data-e-type=\"container\">\n\t\t\t\t<div class=\"elementor-element elementor-element-754e19f elementor-position-top elementor-widget elementor-widget-image-box\" data-id=\"754e19f\" data-element_type=\"widget\" data-e-type=\"widget\" data-widget_type=\"image-box.default\">\n\t\t\t\t<div class=\"elementor-widget-container\">\n\t\t\t\t\t<div class=\"elementor-image-box-wrapper\"><figure class=\"elementor-image-box-img\"><img decoding=\"async\" width=\"800\" height=\"800\" src=\"https:\/\/sunmelighting.com\/wp-content\/uploads\/2024\/04\/Anti-Glare-Snoot.webp\" class=\"attachment-full size-full wp-image-11357\" alt=\"\" title=\"\" srcset=\"https:\/\/sunmelighting.com\/wp-content\/uploads\/2024\/04\/Anti-Glare-Snoot.webp 800w, https:\/\/sunmelighting.com\/wp-content\/uploads\/2024\/04\/Anti-Glare-Snoot-600x600.webp 600w, https:\/\/sunmelighting.com\/wp-content\/uploads\/2024\/04\/Anti-Glare-Snoot-150x150.webp 150w, https:\/\/sunmelighting.com\/wp-content\/uploads\/2024\/04\/Anti-Glare-Snoot-300x300.webp 300w, https:\/\/sunmelighting.com\/wp-content\/uploads\/2024\/04\/Anti-Glare-Snoot-768x768.webp 768w\" sizes=\"(max-width: 800px) 100vw, 800px\" \/><\/figure><div class=\"elementor-image-box-content\"><h3 class=\"elementor-image-box-title\">Parlama \u00d6nleyici Snoot<\/h3><\/div><\/div>\t\t\t\t<\/div>\n\t\t\t\t<\/div>\n\t\t\t\t<\/div>\n\t\t<div class=\"elementor-element elementor-element-b542a64 e-con-full e-flex e-con e-child\" data-id=\"b542a64\" data-element_type=\"container\" data-e-type=\"container\">\n\t\t\t\t<div class=\"elementor-element elementor-element-13f40ba elementor-position-top elementor-widget elementor-widget-image-box\" data-id=\"13f40ba\" data-element_type=\"widget\" data-e-type=\"widget\" data-widget_type=\"image-box.default\">\n\t\t\t\t<div class=\"elementor-widget-container\">\n\t\t\t\t\t<div class=\"elementor-image-box-wrapper\"><figure class=\"elementor-image-box-img\"><img decoding=\"async\" width=\"800\" height=\"800\" src=\"https:\/\/sunmelighting.com\/wp-content\/uploads\/2024\/04\/Honeycomb-louver.webp\" class=\"attachment-full size-full wp-image-11363\" alt=\"\" title=\"\" srcset=\"https:\/\/sunmelighting.com\/wp-content\/uploads\/2024\/04\/Honeycomb-louver.webp 800w, https:\/\/sunmelighting.com\/wp-content\/uploads\/2024\/04\/Honeycomb-louver-600x600.webp 600w, https:\/\/sunmelighting.com\/wp-content\/uploads\/2024\/04\/Honeycomb-louver-150x150.webp 150w, https:\/\/sunmelighting.com\/wp-content\/uploads\/2024\/04\/Honeycomb-louver-300x300.webp 300w, https:\/\/sunmelighting.com\/wp-content\/uploads\/2024\/04\/Honeycomb-louver-768x768.webp 768w\" sizes=\"(max-width: 800px) 100vw, 800px\" \/><\/figure><div class=\"elementor-image-box-content\"><h3 class=\"elementor-image-box-title\">Petek panjur<\/h3><\/div><\/div>\t\t\t\t<\/div>\n\t\t\t\t<\/div>\n\t\t\t\t<\/div>\n\t\t<div class=\"elementor-element elementor-element-8e1ae05 e-con-full e-flex e-con e-child\" data-id=\"8e1ae05\" data-element_type=\"container\" data-e-type=\"container\">\n\t\t\t\t<div class=\"elementor-element elementor-element-2a293b6 elementor-position-top elementor-widget elementor-widget-image-box\" data-id=\"2a293b6\" data-element_type=\"widget\" data-e-type=\"widget\" data-widget_type=\"image-box.default\">\n\t\t\t\t<div class=\"elementor-widget-container\">\n\t\t\t\t\t<div class=\"elementor-image-box-wrapper\"><figure class=\"elementor-image-box-img\"><img decoding=\"async\" width=\"800\" height=\"800\" src=\"https:\/\/sunmelighting.com\/wp-content\/uploads\/2024\/04\/Soft-Filter.webp\" class=\"attachment-full size-full wp-image-11373\" alt=\"\" title=\"\" srcset=\"https:\/\/sunmelighting.com\/wp-content\/uploads\/2024\/04\/Soft-Filter.webp 800w, https:\/\/sunmelighting.com\/wp-content\/uploads\/2024\/04\/Soft-Filter-600x600.webp 600w, https:\/\/sunmelighting.com\/wp-content\/uploads\/2024\/04\/Soft-Filter-150x150.webp 150w, https:\/\/sunmelighting.com\/wp-content\/uploads\/2024\/04\/Soft-Filter-300x300.webp 300w, https:\/\/sunmelighting.com\/wp-content\/uploads\/2024\/04\/Soft-Filter-768x768.webp 768w\" sizes=\"(max-width: 800px) 100vw, 800px\" \/><\/figure><div class=\"elementor-image-box-content\"><h3 class=\"elementor-image-box-title\">Yumu\u015fak Filtre<\/h3><\/div><\/div>\t\t\t\t<\/div>\n\t\t\t\t<\/div>\n\t\t\t\t<\/div>\n\t\t\t\t<\/div>\n\t\t<div class=\"elementor-element elementor-element-61ab658 e-con-full e-flex e-con e-child\" data-id=\"61ab658\" data-element_type=\"container\" data-e-type=\"container\">\n\t\t<div class=\"elementor-element elementor-element-455caa1 e-con-full e-flex e-con e-child\" data-id=\"455caa1\" data-element_type=\"container\" data-e-type=\"container\">\n\t\t\t\t<div class=\"elementor-element elementor-element-3efd0a3 elementor-position-top elementor-widget elementor-widget-image-box\" data-id=\"3efd0a3\" data-element_type=\"widget\" data-e-type=\"widget\" data-widget_type=\"image-box.default\">\n\t\t\t\t<div class=\"elementor-widget-container\">\n\t\t\t\t\t<div class=\"elementor-image-box-wrapper\"><figure class=\"elementor-image-box-img\"><img decoding=\"async\" width=\"800\" height=\"800\" src=\"https:\/\/sunmelighting.com\/wp-content\/uploads\/2024\/04\/Linear-Spread-Filter.webp\" class=\"attachment-full size-full wp-image-11365\" alt=\"\" title=\"\" srcset=\"https:\/\/sunmelighting.com\/wp-content\/uploads\/2024\/04\/Linear-Spread-Filter.webp 800w, https:\/\/sunmelighting.com\/wp-content\/uploads\/2024\/04\/Linear-Spread-Filter-600x600.webp 600w, https:\/\/sunmelighting.com\/wp-content\/uploads\/2024\/04\/Linear-Spread-Filter-150x150.webp 150w, https:\/\/sunmelighting.com\/wp-content\/uploads\/2024\/04\/Linear-Spread-Filter-300x300.webp 300w, https:\/\/sunmelighting.com\/wp-content\/uploads\/2024\/04\/Linear-Spread-Filter-768x768.webp 768w\" sizes=\"(max-width: 800px) 100vw, 800px\" \/><\/figure><div class=\"elementor-image-box-content\"><h3 class=\"elementor-image-box-title\">Do\u011frusal Yay\u0131lma Filtresi<\/h3><\/div><\/div>\t\t\t\t<\/div>\n\t\t\t\t<\/div>\n\t\t\t\t<\/div>\n\t\t<div class=\"elementor-element elementor-element-8c8087e e-con-full e-flex e-con e-child\" data-id=\"8c8087e\" data-element_type=\"container\" data-e-type=\"container\">\n\t\t\t\t<div class=\"elementor-element elementor-element-b4b1f80 elementor-position-top elementor-widget elementor-widget-image-box\" data-id=\"b4b1f80\" data-element_type=\"widget\" data-e-type=\"widget\" data-widget_type=\"image-box.default\">\n\t\t\t\t<div class=\"elementor-widget-container\">\n\t\t\t\t\t<div class=\"elementor-image-box-wrapper\"><figure class=\"elementor-image-box-img\"><img decoding=\"async\" width=\"800\" height=\"800\" src=\"https:\/\/sunmelighting.com\/wp-content\/uploads\/2024\/04\/small-round-hole.webp\" class=\"attachment-full size-full wp-image-11371\" alt=\"\" title=\"\" srcset=\"https:\/\/sunmelighting.com\/wp-content\/uploads\/2024\/04\/small-round-hole.webp 800w, https:\/\/sunmelighting.com\/wp-content\/uploads\/2024\/04\/small-round-hole-600x600.webp 600w, https:\/\/sunmelighting.com\/wp-content\/uploads\/2024\/04\/small-round-hole-150x150.webp 150w, https:\/\/sunmelighting.com\/wp-content\/uploads\/2024\/04\/small-round-hole-300x300.webp 300w, https:\/\/sunmelighting.com\/wp-content\/uploads\/2024\/04\/small-round-hole-768x768.webp 768w\" sizes=\"(max-width: 800px) 100vw, 800px\" \/><\/figure><div class=\"elementor-image-box-content\"><h3 class=\"elementor-image-box-title\">Pim Delikli B\u00f6lme<\/h3><\/div><\/div>\t\t\t\t<\/div>\n\t\t\t\t<\/div>\n\t\t\t\t<\/div>\n\t\t<div class=\"elementor-element elementor-element-f27b1f9 e-con-full e-flex e-con e-child\" data-id=\"f27b1f9\" data-element_type=\"container\" data-e-type=\"container\">\n\t\t\t\t<div class=\"elementor-element elementor-element-8590078 elementor-position-top elementor-widget elementor-widget-image-box\" data-id=\"8590078\" data-element_type=\"widget\" data-e-type=\"widget\" data-widget_type=\"image-box.default\">\n\t\t\t\t<div class=\"elementor-widget-container\">\n\t\t\t\t\t<div class=\"elementor-image-box-wrapper\"><figure class=\"elementor-image-box-img\"><img decoding=\"async\" width=\"800\" height=\"800\" src=\"https:\/\/sunmelighting.com\/wp-content\/uploads\/2024\/04\/IP54.webp\" class=\"attachment-full size-full wp-image-11364\" alt=\"\" title=\"\" srcset=\"https:\/\/sunmelighting.com\/wp-content\/uploads\/2024\/04\/IP54.webp 800w, https:\/\/sunmelighting.com\/wp-content\/uploads\/2024\/04\/IP54-600x600.webp 600w, https:\/\/sunmelighting.com\/wp-content\/uploads\/2024\/04\/IP54-150x150.webp 150w, https:\/\/sunmelighting.com\/wp-content\/uploads\/2024\/04\/IP54-300x300.webp 300w, https:\/\/sunmelighting.com\/wp-content\/uploads\/2024\/04\/IP54-768x768.webp 768w\" sizes=\"(max-width: 800px) 100vw, 800px\" \/><\/figure><div class=\"elementor-image-box-content\"><h3 class=\"elementor-image-box-title\">IP54 Filtre<\/h3><\/div><\/div>\t\t\t\t<\/div>\n\t\t\t\t<\/div>\n\t\t\t\t<\/div>\n\t\t\t\t<\/div>\n\t\t\t\t\t<\/div>\n\t\t\t\t<\/div>\n\t\t\t\t<\/div>","protected":false},"excerpt":{"rendered":"<div class=\"pix-el-text slide-in-container w-100\">\n<div class=\"d-inline-block\">SD041068R<\/div>\n<\/div>\n<div class=\"wpb_text_column wpb_content_element\">\n<div class=\"wpb_wrapper\">\n<p>G\u00fc\u00e7: 12W\/15W<br \/>\nKesik: \u03a668mm<br \/>\nI\u015f\u0131n a\u00e7\u0131s\u0131: 15\u00b0\/24\u00b0\/36\u00b0\/55\u00b0<br \/>\nCCT: 2700K\/3000K\/3500K\/4000K<br \/>\nRenk: Beyaz \/ Siyah \/ \u00d6zel<br \/>\nKurulum: G\u00f6mme<\/p>\n<p data-wp-editing=\"1\"><img decoding=\"async\" class=\"alignnone size-full wp-image-14380\" src=\"http:\/\/sunmelighting.com\/wp-content\/uploads\/2024\/05\/400X110-LETGO-DOWNLIGHT.png.webp\" alt=\"\" width=\"400\" height=\"110\" srcset=\"https:\/\/sunmelighting.com\/wp-content\/uploads\/2024\/05\/400X110-LETGO-DOWNLIGHT.png.webp 400w, https:\/\/sunmelighting.com\/wp-content\/uploads\/2024\/05\/400X110-LETGO-DOWNLIGHT.png-150x41.webp 150w, https:\/\/sunmelighting.com\/wp-content\/uploads\/2024\/05\/400X110-LETGO-DOWNLIGHT.png-300x83.webp 300w\" sizes=\"(max-width: 400px) 100vw, 400px\" \/><\/p>\n<\/div>\n<\/div>\n<h3 data-wp-editing=\"1\"><strong>\u00dcr\u00fcn A\u00e7\u0131klamas\u0131<\/strong><\/h3>\n<ul>\n<li>Tamamen mod\u00fcler tasar\u0131m, LED Motor ve t\u00fcm aksesuarlar \u00fczerinde kolay de\u011fi\u015ftirilebilir. Kurulum ve bak\u0131m kolayl\u0131\u011f\u0131.<\/li>\n<li>Konveksiyonel pasif so\u011futma motoru armat\u00fcrlerin uzun \u00f6m\u00fcrl\u00fc olmas\u0131n\u0131 sa\u011flar. 6W ila 35W kolayl\u0131kla de\u011fi\u015ftirilebilir. MR16 iste\u011fe ba\u011fl\u0131.<\/li>\n<li>Teklif kilitleme ve proje korumas\u0131 i\u00e7in benzersiz k\u00fc\u00e7\u00fck kesik 68mm. UGR&lt;17&#039;de g\u00f6rsel konfor. En k\u0131sa y\u00fckseklik &lt; 80mm.<\/li>\n<\/ul>","protected":false},"featured_media":11259,"comment_status":"open","ping_status":"closed","template":"","meta":[],"product_brand":[],"product_cat":[53],"product_tag":[],"class_list":{"0":"post-11258","1":"product","2":"type-product","3":"status-publish","4":"has-post-thumbnail","6":"product_cat-letgo-evo-series","8":"first","9":"instock","10":"shipping-taxable","11":"product-type-simple"},"_links":{"self":[{"href":"https:\/\/sunmelighting.com\/tr\/wp-json\/wp\/v2\/product\/11258","targetHints":{"allow":["GET"]}}],"collection":[{"href":"https:\/\/sunmelighting.com\/tr\/wp-json\/wp\/v2\/product"}],"about":[{"href":"https:\/\/sunmelighting.com\/tr\/wp-json\/wp\/v2\/types\/product"}],"replies":[{"embeddable":true,"href":"https:\/\/sunmelighting.com\/tr\/wp-json\/wp\/v2\/comments?post=11258"}],"version-history":[{"count":0,"href":"https:\/\/sunmelighting.com\/tr\/wp-json\/wp\/v2\/product\/11258\/revisions"}],"wp:featuredmedia":[{"embeddable":true,"href":"https:\/\/sunmelighting.com\/tr\/wp-json\/wp\/v2\/media\/11259"}],"wp:attachment":[{"href":"https:\/\/sunmelighting.com\/tr\/wp-json\/wp\/v2\/media?parent=11258"}],"wp:term":[{"taxonomy":"product_brand","embeddable":true,"href":"https:\/\/sunmelighting.com\/tr\/wp-json\/wp\/v2\/product_brand?post=11258"},{"taxonomy":"product_cat","embeddable":true,"href":"https:\/\/sunmelighting.com\/tr\/wp-json\/wp\/v2\/product_cat?post=11258"},{"taxonomy":"product_tag","embeddable":true,"href":"https:\/\/sunmelighting.com\/tr\/wp-json\/wp\/v2\/product_tag?post=11258"}],"curies":[{"name":"wp","href":"https:\/\/api.w.org\/{rel}","templated":true}]}}