{"id":11555,"date":"2024-04-07T07:46:24","date_gmt":"2024-04-07T07:46:24","guid":{"rendered":"https:\/\/sunme.top\/?post_type=product&#038;p=11555"},"modified":"2024-08-21T02:11:28","modified_gmt":"2024-08-21T02:11:28","slug":"sd051075s","status":"publish","type":"product","link":"https:\/\/sunmelighting.com\/tr\/product\/sd051075s\/","title":{"rendered":"PREMIUN 75 A\u015fa\u011f\u0131 I\u015f\u0131k Sabit \/ Trim"},"content":{"rendered":"<div data-elementor-type=\"wp-post\" data-elementor-id=\"11555\" class=\"elementor elementor-11555\" data-elementor-post-type=\"product\">\n\t\t\t\t<div class=\"wd-negative-gap elementor-element elementor-element-52b2d53 e-flex e-con-boxed e-con e-parent\" data-id=\"52b2d53\" data-element_type=\"container\" data-e-type=\"container\">\n\t\t\t\t\t<div class=\"e-con-inner\">\n\t\t\t\t\t<\/div>\n\t\t\t\t<\/div>\n\t\t<div class=\"wd-negative-gap elementor-element elementor-element-4eec505 e-flex e-con-boxed e-con e-parent\" data-id=\"4eec505\" data-element_type=\"container\" data-e-type=\"container\">\n\t\t\t\t\t<div class=\"e-con-inner\">\n\t\t\t\t<div class=\"elementor-element elementor-element-6e39937 wd-width-100 elementor-widget elementor-widget-wd_title\" data-id=\"6e39937\" data-element_type=\"widget\" data-e-type=\"widget\" data-widget_type=\"wd_title.default\">\n\t\t\t\t<div class=\"elementor-widget-container\">\n\t\t\t\t\t\t\t<div class=\"title-wrapper wd-set-mb reset-last-child wd-title-color-default wd-title-style-default wd-title-size-default text-left\">\n\n\t\t\t\n\t\t\t<div class=\"liner-continer\">\n\t\t\t\t<h4 class=\"woodmart-title-container title wd-fontsize-l\">\u0130lgili Aksesuarlar<\/h4> \n\t\t\t\t\t\t\t<\/div>\n\n\t\t\t\t\t<\/div>\n\t\t\t\t\t\t<\/div>\n\t\t\t\t<\/div>\n\t\t<div class=\"elementor-element elementor-element-e4b0418 e-con-full e-flex e-con e-child\" data-id=\"e4b0418\" data-element_type=\"container\" data-e-type=\"container\">\n\t\t<div class=\"elementor-element elementor-element-a2523a5 e-con-full e-flex e-con e-child\" data-id=\"a2523a5\" data-element_type=\"container\" data-e-type=\"container\">\n\t\t\t\t<div class=\"elementor-element elementor-element-3f7440f elementor-position-top elementor-widget elementor-widget-image-box\" data-id=\"3f7440f\" data-element_type=\"widget\" data-e-type=\"widget\" data-widget_type=\"image-box.default\">\n\t\t\t\t<div class=\"elementor-widget-container\">\n\t\t\t\t\t<div class=\"elementor-image-box-wrapper\"><figure class=\"elementor-image-box-img\"><img decoding=\"async\" width=\"800\" height=\"800\" src=\"https:\/\/sunmelighting.com\/wp-content\/uploads\/2024\/04\/black-round.webp\" class=\"attachment-full size-full wp-image-11359\" alt=\"\" title=\"\" srcset=\"https:\/\/sunmelighting.com\/wp-content\/uploads\/2024\/04\/black-round.webp 800w, https:\/\/sunmelighting.com\/wp-content\/uploads\/2024\/04\/black-round-600x600.webp 600w, https:\/\/sunmelighting.com\/wp-content\/uploads\/2024\/04\/black-round-150x150.webp 150w, https:\/\/sunmelighting.com\/wp-content\/uploads\/2024\/04\/black-round-300x300.webp 300w, https:\/\/sunmelighting.com\/wp-content\/uploads\/2024\/04\/black-round-768x768.webp 768w\" sizes=\"(max-width: 800px) 100vw, 800px\" \/><\/figure><div class=\"elementor-image-box-content\"><h3 class=\"elementor-image-box-title\">Mat Siyah<\/h3><\/div><\/div>\t\t\t\t<\/div>\n\t\t\t\t<\/div>\n\t\t\t\t<\/div>\n\t\t<div class=\"elementor-element elementor-element-916f061 e-con-full e-flex e-con e-child\" data-id=\"916f061\" data-element_type=\"container\" data-e-type=\"container\">\n\t\t\t\t<div class=\"elementor-element elementor-element-49996bc elementor-position-top elementor-widget elementor-widget-image-box\" data-id=\"49996bc\" data-element_type=\"widget\" data-e-type=\"widget\" data-widget_type=\"image-box.default\">\n\t\t\t\t<div class=\"elementor-widget-container\">\n\t\t\t\t\t<div class=\"elementor-image-box-wrapper\"><figure class=\"elementor-image-box-img\"><img decoding=\"async\" width=\"800\" height=\"800\" src=\"https:\/\/sunmelighting.com\/wp-content\/uploads\/2024\/04\/Golden-round.webp\" class=\"attachment-full size-full wp-image-11361\" alt=\"\" title=\"\" srcset=\"https:\/\/sunmelighting.com\/wp-content\/uploads\/2024\/04\/Golden-round.webp 800w, https:\/\/sunmelighting.com\/wp-content\/uploads\/2024\/04\/Golden-round-600x600.webp 600w, https:\/\/sunmelighting.com\/wp-content\/uploads\/2024\/04\/Golden-round-150x150.webp 150w, https:\/\/sunmelighting.com\/wp-content\/uploads\/2024\/04\/Golden-round-300x300.webp 300w, https:\/\/sunmelighting.com\/wp-content\/uploads\/2024\/04\/Golden-round-768x768.webp 768w\" sizes=\"(max-width: 800px) 100vw, 800px\" \/><\/figure><div class=\"elementor-image-box-content\"><h3 class=\"elementor-image-box-title\">Alt\u0131n<\/h3><\/div><\/div>\t\t\t\t<\/div>\n\t\t\t\t<\/div>\n\t\t\t\t<\/div>\n\t\t<div class=\"elementor-element elementor-element-70af0b5 e-con-full e-flex e-con e-child\" data-id=\"70af0b5\" data-element_type=\"container\" data-e-type=\"container\">\n\t\t\t\t<div class=\"elementor-element elementor-element-e59cebb elementor-position-top elementor-widget elementor-widget-image-box\" data-id=\"e59cebb\" data-element_type=\"widget\" data-e-type=\"widget\" data-widget_type=\"image-box.default\">\n\t\t\t\t<div class=\"elementor-widget-container\">\n\t\t\t\t\t<div class=\"elementor-image-box-wrapper\"><figure class=\"elementor-image-box-img\"><img decoding=\"async\" width=\"800\" height=\"800\" src=\"https:\/\/sunmelighting.com\/wp-content\/uploads\/2024\/04\/white-round.webp\" class=\"attachment-full size-full wp-image-11374\" alt=\"\" title=\"\" srcset=\"https:\/\/sunmelighting.com\/wp-content\/uploads\/2024\/04\/white-round.webp 800w, https:\/\/sunmelighting.com\/wp-content\/uploads\/2024\/04\/white-round-600x600.webp 600w, https:\/\/sunmelighting.com\/wp-content\/uploads\/2024\/04\/white-round-150x150.webp 150w, https:\/\/sunmelighting.com\/wp-content\/uploads\/2024\/04\/white-round-300x300.webp 300w, https:\/\/sunmelighting.com\/wp-content\/uploads\/2024\/04\/white-round-768x768.webp 768w\" sizes=\"(max-width: 800px) 100vw, 800px\" \/><\/figure><div class=\"elementor-image-box-content\"><h3 class=\"elementor-image-box-title\">Matt White<\/h3><\/div><\/div>\t\t\t\t<\/div>\n\t\t\t\t<\/div>\n\t\t\t\t<\/div>\n\t\t<div class=\"elementor-element elementor-element-8772f82 e-con-full e-flex e-con e-child\" data-id=\"8772f82\" data-element_type=\"container\" data-e-type=\"container\">\n\t\t\t\t<div class=\"elementor-element elementor-element-0071cac elementor-position-top elementor-widget elementor-widget-image-box\" data-id=\"0071cac\" data-element_type=\"widget\" data-e-type=\"widget\" data-widget_type=\"image-box.default\">\n\t\t\t\t<div class=\"elementor-widget-container\">\n\t\t\t\t\t<div class=\"elementor-image-box-wrapper\"><figure class=\"elementor-image-box-img\"><img decoding=\"async\" width=\"800\" height=\"800\" src=\"https:\/\/sunmelighting.com\/wp-content\/uploads\/2024\/04\/Shine-round.webp\" class=\"attachment-full size-full wp-image-11367\" alt=\"\" title=\"\" srcset=\"https:\/\/sunmelighting.com\/wp-content\/uploads\/2024\/04\/Shine-round.webp 800w, https:\/\/sunmelighting.com\/wp-content\/uploads\/2024\/04\/Shine-round-600x600.webp 600w, https:\/\/sunmelighting.com\/wp-content\/uploads\/2024\/04\/Shine-round-150x150.webp 150w, https:\/\/sunmelighting.com\/wp-content\/uploads\/2024\/04\/Shine-round-300x300.webp 300w, https:\/\/sunmelighting.com\/wp-content\/uploads\/2024\/04\/Shine-round-768x768.webp 768w\" sizes=\"(max-width: 800px) 100vw, 800px\" \/><\/figure><div class=\"elementor-image-box-content\"><h3 class=\"elementor-image-box-title\">Parlak Siyah<\/h3><\/div><\/div>\t\t\t\t<\/div>\n\t\t\t\t<\/div>\n\t\t\t\t<\/div>\n\t\t\t\t<\/div>\n\t\t<div class=\"elementor-element elementor-element-a993aa5 e-con-full e-flex e-con e-child\" data-id=\"a993aa5\" data-element_type=\"container\" data-e-type=\"container\">\n\t\t<div class=\"elementor-element elementor-element-d81b22e e-con-full e-flex e-con e-child\" data-id=\"d81b22e\" data-element_type=\"container\" data-e-type=\"container\">\n\t\t\t\t<div class=\"elementor-element elementor-element-268acaa elementor-position-top elementor-widget elementor-widget-image-box\" data-id=\"268acaa\" data-element_type=\"widget\" data-e-type=\"widget\" data-widget_type=\"image-box.default\">\n\t\t\t\t<div class=\"elementor-widget-container\">\n\t\t\t\t\t<div class=\"elementor-image-box-wrapper\"><figure class=\"elementor-image-box-img\"><img decoding=\"async\" width=\"800\" height=\"800\" src=\"https:\/\/sunmelighting.com\/wp-content\/uploads\/2024\/04\/silver-round.webp\" class=\"attachment-full size-full wp-image-11369\" alt=\"\" title=\"\" srcset=\"https:\/\/sunmelighting.com\/wp-content\/uploads\/2024\/04\/silver-round.webp 800w, https:\/\/sunmelighting.com\/wp-content\/uploads\/2024\/04\/silver-round-600x600.webp 600w, https:\/\/sunmelighting.com\/wp-content\/uploads\/2024\/04\/silver-round-150x150.webp 150w, https:\/\/sunmelighting.com\/wp-content\/uploads\/2024\/04\/silver-round-300x300.webp 300w, https:\/\/sunmelighting.com\/wp-content\/uploads\/2024\/04\/silver-round-768x768.webp 768w\" sizes=\"(max-width: 800px) 100vw, 800px\" \/><\/figure><div class=\"elementor-image-box-content\"><h3 class=\"elementor-image-box-title\">Spek\u00fcler<\/h3><\/div><\/div>\t\t\t\t<\/div>\n\t\t\t\t<\/div>\n\t\t\t\t<\/div>\n\t\t<div class=\"elementor-element elementor-element-60ce213 e-con-full e-flex e-con e-child\" data-id=\"60ce213\" data-element_type=\"container\" data-e-type=\"container\">\n\t\t\t\t<div class=\"elementor-element elementor-element-75252a6 elementor-position-top elementor-widget elementor-widget-image-box\" data-id=\"75252a6\" data-element_type=\"widget\" data-e-type=\"widget\" data-widget_type=\"image-box.default\">\n\t\t\t\t<div class=\"elementor-widget-container\">\n\t\t\t\t\t<div class=\"elementor-image-box-wrapper\"><figure class=\"elementor-image-box-img\"><img decoding=\"async\" width=\"800\" height=\"800\" src=\"https:\/\/sunmelighting.com\/wp-content\/uploads\/2024\/04\/Anti-Glare-Snoot.webp\" class=\"attachment-full size-full wp-image-11357\" alt=\"\" title=\"\" srcset=\"https:\/\/sunmelighting.com\/wp-content\/uploads\/2024\/04\/Anti-Glare-Snoot.webp 800w, https:\/\/sunmelighting.com\/wp-content\/uploads\/2024\/04\/Anti-Glare-Snoot-600x600.webp 600w, https:\/\/sunmelighting.com\/wp-content\/uploads\/2024\/04\/Anti-Glare-Snoot-150x150.webp 150w, https:\/\/sunmelighting.com\/wp-content\/uploads\/2024\/04\/Anti-Glare-Snoot-300x300.webp 300w, https:\/\/sunmelighting.com\/wp-content\/uploads\/2024\/04\/Anti-Glare-Snoot-768x768.webp 768w\" sizes=\"(max-width: 800px) 100vw, 800px\" \/><\/figure><div class=\"elementor-image-box-content\"><h3 class=\"elementor-image-box-title\">Parlama \u00d6nleyici Snoot<\/h3><\/div><\/div>\t\t\t\t<\/div>\n\t\t\t\t<\/div>\n\t\t\t\t<\/div>\n\t\t<div class=\"elementor-element elementor-element-437d5ca e-con-full e-flex e-con e-child\" data-id=\"437d5ca\" data-element_type=\"container\" data-e-type=\"container\">\n\t\t\t\t<div class=\"elementor-element elementor-element-0f08847 elementor-position-top elementor-widget elementor-widget-image-box\" data-id=\"0f08847\" data-element_type=\"widget\" data-e-type=\"widget\" data-widget_type=\"image-box.default\">\n\t\t\t\t<div class=\"elementor-widget-container\">\n\t\t\t\t\t<div class=\"elementor-image-box-wrapper\"><figure class=\"elementor-image-box-img\"><img decoding=\"async\" width=\"800\" height=\"800\" src=\"https:\/\/sunmelighting.com\/wp-content\/uploads\/2024\/04\/Honeycomb-louver.webp\" class=\"attachment-full size-full wp-image-11363\" alt=\"\" title=\"\" srcset=\"https:\/\/sunmelighting.com\/wp-content\/uploads\/2024\/04\/Honeycomb-louver.webp 800w, https:\/\/sunmelighting.com\/wp-content\/uploads\/2024\/04\/Honeycomb-louver-600x600.webp 600w, https:\/\/sunmelighting.com\/wp-content\/uploads\/2024\/04\/Honeycomb-louver-150x150.webp 150w, https:\/\/sunmelighting.com\/wp-content\/uploads\/2024\/04\/Honeycomb-louver-300x300.webp 300w, https:\/\/sunmelighting.com\/wp-content\/uploads\/2024\/04\/Honeycomb-louver-768x768.webp 768w\" sizes=\"(max-width: 800px) 100vw, 800px\" \/><\/figure><div class=\"elementor-image-box-content\"><h3 class=\"elementor-image-box-title\">Petek panjur<\/h3><\/div><\/div>\t\t\t\t<\/div>\n\t\t\t\t<\/div>\n\t\t\t\t<\/div>\n\t\t<div class=\"elementor-element elementor-element-e31fe35 e-con-full e-flex e-con e-child\" data-id=\"e31fe35\" data-element_type=\"container\" data-e-type=\"container\">\n\t\t\t\t<div class=\"elementor-element elementor-element-afd55e8 elementor-position-top elementor-widget elementor-widget-image-box\" data-id=\"afd55e8\" data-element_type=\"widget\" data-e-type=\"widget\" data-widget_type=\"image-box.default\">\n\t\t\t\t<div class=\"elementor-widget-container\">\n\t\t\t\t\t<div class=\"elementor-image-box-wrapper\"><figure class=\"elementor-image-box-img\"><img decoding=\"async\" width=\"800\" height=\"800\" src=\"https:\/\/sunmelighting.com\/wp-content\/uploads\/2024\/04\/Soft-Filter.webp\" class=\"attachment-full size-full wp-image-11373\" alt=\"\" title=\"\" srcset=\"https:\/\/sunmelighting.com\/wp-content\/uploads\/2024\/04\/Soft-Filter.webp 800w, https:\/\/sunmelighting.com\/wp-content\/uploads\/2024\/04\/Soft-Filter-600x600.webp 600w, https:\/\/sunmelighting.com\/wp-content\/uploads\/2024\/04\/Soft-Filter-150x150.webp 150w, https:\/\/sunmelighting.com\/wp-content\/uploads\/2024\/04\/Soft-Filter-300x300.webp 300w, https:\/\/sunmelighting.com\/wp-content\/uploads\/2024\/04\/Soft-Filter-768x768.webp 768w\" sizes=\"(max-width: 800px) 100vw, 800px\" \/><\/figure><div class=\"elementor-image-box-content\"><h3 class=\"elementor-image-box-title\">Yumu\u015fak Filtre<\/h3><\/div><\/div>\t\t\t\t<\/div>\n\t\t\t\t<\/div>\n\t\t\t\t<\/div>\n\t\t\t\t<\/div>\n\t\t<div class=\"elementor-element elementor-element-822cc79 e-con-full e-flex e-con e-child\" data-id=\"822cc79\" data-element_type=\"container\" data-e-type=\"container\">\n\t\t<div class=\"elementor-element elementor-element-bef4f52 e-con-full e-flex e-con e-child\" data-id=\"bef4f52\" data-element_type=\"container\" data-e-type=\"container\">\n\t\t\t\t<div class=\"elementor-element elementor-element-683beaa elementor-position-top elementor-widget elementor-widget-image-box\" data-id=\"683beaa\" data-element_type=\"widget\" data-e-type=\"widget\" data-widget_type=\"image-box.default\">\n\t\t\t\t<div class=\"elementor-widget-container\">\n\t\t\t\t\t<div class=\"elementor-image-box-wrapper\"><figure class=\"elementor-image-box-img\"><img decoding=\"async\" width=\"800\" height=\"800\" src=\"https:\/\/sunmelighting.com\/wp-content\/uploads\/2024\/04\/Linear-Spread-Filter.webp\" class=\"attachment-full size-full wp-image-11365\" alt=\"\" title=\"\" srcset=\"https:\/\/sunmelighting.com\/wp-content\/uploads\/2024\/04\/Linear-Spread-Filter.webp 800w, https:\/\/sunmelighting.com\/wp-content\/uploads\/2024\/04\/Linear-Spread-Filter-600x600.webp 600w, https:\/\/sunmelighting.com\/wp-content\/uploads\/2024\/04\/Linear-Spread-Filter-150x150.webp 150w, https:\/\/sunmelighting.com\/wp-content\/uploads\/2024\/04\/Linear-Spread-Filter-300x300.webp 300w, https:\/\/sunmelighting.com\/wp-content\/uploads\/2024\/04\/Linear-Spread-Filter-768x768.webp 768w\" sizes=\"(max-width: 800px) 100vw, 800px\" \/><\/figure><div class=\"elementor-image-box-content\"><h3 class=\"elementor-image-box-title\">Do\u011frusal Yay\u0131lma Filtresi<\/h3><\/div><\/div>\t\t\t\t<\/div>\n\t\t\t\t<\/div>\n\t\t\t\t<\/div>\n\t\t<div class=\"elementor-element elementor-element-108ac98 e-con-full e-flex e-con e-child\" data-id=\"108ac98\" data-element_type=\"container\" data-e-type=\"container\">\n\t\t\t\t<div class=\"elementor-element elementor-element-f71a631 elementor-position-top elementor-widget elementor-widget-image-box\" data-id=\"f71a631\" data-element_type=\"widget\" data-e-type=\"widget\" data-widget_type=\"image-box.default\">\n\t\t\t\t<div class=\"elementor-widget-container\">\n\t\t\t\t\t<div class=\"elementor-image-box-wrapper\"><figure class=\"elementor-image-box-img\"><img decoding=\"async\" width=\"800\" height=\"800\" src=\"https:\/\/sunmelighting.com\/wp-content\/uploads\/2024\/04\/small-round-hole.webp\" class=\"attachment-full size-full wp-image-11371\" alt=\"\" title=\"\" srcset=\"https:\/\/sunmelighting.com\/wp-content\/uploads\/2024\/04\/small-round-hole.webp 800w, https:\/\/sunmelighting.com\/wp-content\/uploads\/2024\/04\/small-round-hole-600x600.webp 600w, https:\/\/sunmelighting.com\/wp-content\/uploads\/2024\/04\/small-round-hole-150x150.webp 150w, https:\/\/sunmelighting.com\/wp-content\/uploads\/2024\/04\/small-round-hole-300x300.webp 300w, https:\/\/sunmelighting.com\/wp-content\/uploads\/2024\/04\/small-round-hole-768x768.webp 768w\" sizes=\"(max-width: 800px) 100vw, 800px\" \/><\/figure><div class=\"elementor-image-box-content\"><h3 class=\"elementor-image-box-title\">Pim Delikli B\u00f6lme<\/h3><\/div><\/div>\t\t\t\t<\/div>\n\t\t\t\t<\/div>\n\t\t\t\t<\/div>\n\t\t<div class=\"elementor-element elementor-element-27818d8 e-con-full e-flex e-con e-child\" data-id=\"27818d8\" data-element_type=\"container\" data-e-type=\"container\">\n\t\t\t\t<div class=\"elementor-element elementor-element-4fa8e93 elementor-position-top elementor-widget elementor-widget-image-box\" data-id=\"4fa8e93\" data-element_type=\"widget\" data-e-type=\"widget\" data-widget_type=\"image-box.default\">\n\t\t\t\t<div class=\"elementor-widget-container\">\n\t\t\t\t\t<div class=\"elementor-image-box-wrapper\"><figure class=\"elementor-image-box-img\"><img decoding=\"async\" width=\"800\" height=\"800\" src=\"https:\/\/sunmelighting.com\/wp-content\/uploads\/2024\/04\/IP54.webp\" class=\"attachment-full size-full wp-image-11364\" alt=\"\" title=\"\" srcset=\"https:\/\/sunmelighting.com\/wp-content\/uploads\/2024\/04\/IP54.webp 800w, https:\/\/sunmelighting.com\/wp-content\/uploads\/2024\/04\/IP54-600x600.webp 600w, https:\/\/sunmelighting.com\/wp-content\/uploads\/2024\/04\/IP54-150x150.webp 150w, https:\/\/sunmelighting.com\/wp-content\/uploads\/2024\/04\/IP54-300x300.webp 300w, https:\/\/sunmelighting.com\/wp-content\/uploads\/2024\/04\/IP54-768x768.webp 768w\" sizes=\"(max-width: 800px) 100vw, 800px\" \/><\/figure><div class=\"elementor-image-box-content\"><h3 class=\"elementor-image-box-title\">IP54 Filtre<\/h3><\/div><\/div>\t\t\t\t<\/div>\n\t\t\t\t<\/div>\n\t\t\t\t<\/div>\n\t\t\t\t<\/div>\n\t\t\t\t\t<\/div>\n\t\t\t\t<\/div>\n\t\t\t\t<\/div>","protected":false},"excerpt":{"rendered":"<div class=\"pix-el-text slide-in-container w-100\">\n<div class=\"d-inline-block\">SD051075S<\/div>\n<\/div>\n<div class=\"wpb_text_column wpb_content_element\">\n<div class=\"wpb_wrapper\">\n<p>G\u00fc\u00e7: 8W\/12W<br \/>\nKesim: 75x75mm<br \/>\nI\u015f\u0131n a\u00e7\u0131s\u0131: 15\u00b0\/24\u00b0\/36\u00b0\/55\u00b0<br \/>\nCCT: 2700K\/3000K\/3500K\/4000K<br \/>\nRenk: Beyaz \/ Siyah \/ \u00d6zel<br \/>\nKurulum: G\u00f6mme<\/p>\n<p data-wp-editing=\"1\"><img decoding=\"async\" class=\"alignnone size-full wp-image-14380\" src=\"http:\/\/sunmelighting.com\/wp-content\/uploads\/2024\/05\/400X110-LETGO-DOWNLIGHT.png.webp\" alt=\"\" width=\"400\" height=\"110\" srcset=\"https:\/\/sunmelighting.com\/wp-content\/uploads\/2024\/05\/400X110-LETGO-DOWNLIGHT.png.webp 400w, https:\/\/sunmelighting.com\/wp-content\/uploads\/2024\/05\/400X110-LETGO-DOWNLIGHT.png-150x41.webp 150w, https:\/\/sunmelighting.com\/wp-content\/uploads\/2024\/05\/400X110-LETGO-DOWNLIGHT.png-300x83.webp 300w\" sizes=\"(max-width: 400px) 100vw, 400px\" \/><\/p>\n<\/div>\n<\/div>\n<h3 data-wp-editing=\"1\"><strong>\u00dcr\u00fcn A\u00e7\u0131klamas\u0131<\/strong><\/h3>\n<ul>\n<li>Tamamen mod\u00fcler tasar\u0131m, LED Motor \u00fczerinde kolay de\u011fi\u015ftirilebilir, MR16 \u00c7er\u00e7eve iste\u011fe ba\u011fl\u0131.<\/li>\n<li>Kurulum ve bak\u0131m kolayl\u0131\u011f\u0131 \uff0c +\/- 20\u00b0 e\u011fme ve 355\u00b0 d\u00f6nd\u00fcrme ayarlanabilirli\u011fi<\/li>\n<li>Derin parlama \u00f6nleyici tasar\u0131m, farkl\u0131 renk i\u00e7 halkalar ve iste\u011fe ba\u011fl\u0131 petek panjur.<\/li>\n<li>Tavan\u0131 temiz tutmak i\u00e7in tavanla ayn\u0131 hizada parlama \u00f6nleyici halka.<\/li>\n<li>\u0130ste\u011fe ba\u011fl\u0131 olarak 120Lm\/W'ye kadar sistem verimlili\u011fi @3000K 90RA.<\/li>\n<li>Teklif kilitleme ve proje korumas\u0131 i\u00e7in benzersiz k\u00fc\u00e7\u00fck oyuk 68mm.<\/li>\n<\/ul>","protected":false},"featured_media":11400,"comment_status":"open","ping_status":"closed","template":"","meta":[],"product_brand":[],"product_cat":[54],"product_tag":[],"class_list":{"0":"post-11555","1":"product","2":"type-product","3":"status-publish","4":"has-post-thumbnail","6":"product_cat-letgo-premiun-series","8":"first","9":"instock","10":"shipping-taxable","11":"product-type-simple"},"_links":{"self":[{"href":"https:\/\/sunmelighting.com\/tr\/wp-json\/wp\/v2\/product\/11555","targetHints":{"allow":["GET"]}}],"collection":[{"href":"https:\/\/sunmelighting.com\/tr\/wp-json\/wp\/v2\/product"}],"about":[{"href":"https:\/\/sunmelighting.com\/tr\/wp-json\/wp\/v2\/types\/product"}],"replies":[{"embeddable":true,"href":"https:\/\/sunmelighting.com\/tr\/wp-json\/wp\/v2\/comments?post=11555"}],"version-history":[{"count":0,"href":"https:\/\/sunmelighting.com\/tr\/wp-json\/wp\/v2\/product\/11555\/revisions"}],"wp:featuredmedia":[{"embeddable":true,"href":"https:\/\/sunmelighting.com\/tr\/wp-json\/wp\/v2\/media\/11400"}],"wp:attachment":[{"href":"https:\/\/sunmelighting.com\/tr\/wp-json\/wp\/v2\/media?parent=11555"}],"wp:term":[{"taxonomy":"product_brand","embeddable":true,"href":"https:\/\/sunmelighting.com\/tr\/wp-json\/wp\/v2\/product_brand?post=11555"},{"taxonomy":"product_cat","embeddable":true,"href":"https:\/\/sunmelighting.com\/tr\/wp-json\/wp\/v2\/product_cat?post=11555"},{"taxonomy":"product_tag","embeddable":true,"href":"https:\/\/sunmelighting.com\/tr\/wp-json\/wp\/v2\/product_tag?post=11555"}],"curies":[{"name":"wp","href":"https:\/\/api.w.org\/{rel}","templated":true}]}}