{"id":11875,"date":"2024-04-08T08:38:37","date_gmt":"2024-04-08T08:38:37","guid":{"rendered":"https:\/\/sunme.top\/?post_type=product&#038;p=11875"},"modified":"2024-08-23T05:57:02","modified_gmt":"2024-08-23T05:57:02","slug":"sd8131165r","status":"publish","type":"product","link":"https:\/\/sunmelighting.com\/tr\/product\/sd8131165r\/","title":{"rendered":"RHO 165 A\u015fa\u011f\u0131 I\u015f\u0131k Sabit \/ G\u00f6mme"},"content":{"rendered":"<div data-elementor-type=\"wp-post\" data-elementor-id=\"11875\" class=\"elementor elementor-11875\" data-elementor-post-type=\"product\">\n\t\t\t\t<div class=\"wd-negative-gap elementor-element elementor-element-52b2d53 e-flex e-con-boxed e-con e-parent\" data-id=\"52b2d53\" data-element_type=\"container\" data-e-type=\"container\">\n\t\t\t\t\t<div class=\"e-con-inner\">\n\t\t\t\t\t<\/div>\n\t\t\t\t<\/div>\n\t\t\t\t<\/div>","protected":false},"excerpt":{"rendered":"<div class=\"pix-el-text slide-in-container w-100\">\n<div class=\"d-inline-block\"><strong>SD8131165R<\/strong><\/div>\n<\/div>\n<div class=\"wpb_text_column wpb_content_element\">\n<div class=\"wpb_wrapper\">\n<p>G\u00fc\u00e7: 20\/25W<br \/>\nKesik: \u03a6165mm<br \/>\nI\u015f\u0131n a\u00e7\u0131s\u0131: 60\u00b0<br \/>\nCCT: 3000K\/4000K\/6000K<br \/>\nRenk: Beyaz \/ Siyah \/ \u00d6zel<br \/>\nKurulum: G\u00f6mme<\/p>\n<p><img decoding=\"async\" class=\"alignnone size-full wp-image-11870\" src=\"http:\/\/sunmelighting.com\/wp-content\/uploads\/2024\/04\/Rho.png.webp\" alt=\"\" width=\"400\" height=\"110\" srcset=\"https:\/\/sunmelighting.com\/wp-content\/uploads\/2024\/04\/Rho.png.webp 400w, https:\/\/sunmelighting.com\/wp-content\/uploads\/2024\/04\/Rho.png-150x41.webp 150w, https:\/\/sunmelighting.com\/wp-content\/uploads\/2024\/04\/Rho.png-300x83.webp 300w\" sizes=\"(max-width: 400px) 100vw, 400px\" \/><\/p>\n<\/div>\n<\/div>\n<h3 data-wp-editing=\"1\"><strong>\u00dcr\u00fcn A\u00e7\u0131klamas\u0131<\/strong><\/h3>\n<ul>\n<li>UGR&lt;19&#039;da m\u00fckemmel parlama kontrol\u00fcne sahip y\u00fcksek verimli spek\u00fcler reflekt\u00f6r. D\u00f6k\u00fcm \u0131s\u0131 emici, yeterli termal da\u011f\u0131l\u0131m sa\u011flar.<\/li>\n<li>Farkl\u0131 boyutlara g\u00f6re 15W'tan maksimum 45W'a kadar g\u00fc\u00e7 t\u00fcketimi. Yumu\u015fak ve konforlu ayd\u0131nlatma efekti ile 80 derecelik sel \u0131\u015f\u0131n a\u00e7\u0131s\u0131.<\/li>\n<li>CCT 3000K \/ 4000 \/ 6000K mevcuttur, uzaktan Triyak \/ 0-10V \/ DALI dimleme iste\u011fe ba\u011fl\u0131d\u0131r.<\/li>\n<\/ul>","protected":false},"featured_media":11876,"comment_status":"open","ping_status":"closed","template":"","meta":[],"product_brand":[],"product_cat":[139],"product_tag":[],"class_list":{"0":"post-11875","1":"product","2":"type-product","3":"status-publish","4":"has-post-thumbnail","6":"product_cat-rho-series","8":"first","9":"instock","10":"shipping-taxable","11":"product-type-simple"},"_links":{"self":[{"href":"https:\/\/sunmelighting.com\/tr\/wp-json\/wp\/v2\/product\/11875","targetHints":{"allow":["GET"]}}],"collection":[{"href":"https:\/\/sunmelighting.com\/tr\/wp-json\/wp\/v2\/product"}],"about":[{"href":"https:\/\/sunmelighting.com\/tr\/wp-json\/wp\/v2\/types\/product"}],"replies":[{"embeddable":true,"href":"https:\/\/sunmelighting.com\/tr\/wp-json\/wp\/v2\/comments?post=11875"}],"version-history":[{"count":0,"href":"https:\/\/sunmelighting.com\/tr\/wp-json\/wp\/v2\/product\/11875\/revisions"}],"wp:featuredmedia":[{"embeddable":true,"href":"https:\/\/sunmelighting.com\/tr\/wp-json\/wp\/v2\/media\/11876"}],"wp:attachment":[{"href":"https:\/\/sunmelighting.com\/tr\/wp-json\/wp\/v2\/media?parent=11875"}],"wp:term":[{"taxonomy":"product_brand","embeddable":true,"href":"https:\/\/sunmelighting.com\/tr\/wp-json\/wp\/v2\/product_brand?post=11875"},{"taxonomy":"product_cat","embeddable":true,"href":"https:\/\/sunmelighting.com\/tr\/wp-json\/wp\/v2\/product_cat?post=11875"},{"taxonomy":"product_tag","embeddable":true,"href":"https:\/\/sunmelighting.com\/tr\/wp-json\/wp\/v2\/product_tag?post=11875"}],"curies":[{"name":"wp","href":"https:\/\/api.w.org\/{rel}","templated":true}]}}