{"id":11907,"date":"2024-04-08T09:18:54","date_gmt":"2024-04-08T09:18:54","guid":{"rendered":"https:\/\/sunme.top\/?post_type=product&#038;p=11907"},"modified":"2024-08-23T05:58:47","modified_gmt":"2024-08-23T05:58:47","slug":"sd8071120r","status":"publish","type":"product","link":"https:\/\/sunmelighting.com\/tr\/product\/sd8071120r\/","title":{"rendered":"SAW 120 A\u015fa\u011f\u0131 I\u015f\u0131k Sabit \/ G\u00f6mme"},"content":{"rendered":"<div data-elementor-type=\"wp-post\" data-elementor-id=\"11907\" class=\"elementor elementor-11907\" data-elementor-post-type=\"product\">\n\t\t\t\t<div class=\"wd-negative-gap elementor-element elementor-element-52b2d53 e-flex e-con-boxed e-con e-parent\" data-id=\"52b2d53\" data-element_type=\"container\" data-e-type=\"container\">\n\t\t\t\t\t<div class=\"e-con-inner\">\n\t\t\t\t\t<\/div>\n\t\t\t\t<\/div>\n\t\t\t\t<\/div>","protected":false},"excerpt":{"rendered":"<div class=\"pix-el-text slide-in-container w-100\">\n<div class=\"d-inline-block\">SD8071120R<\/div>\n<\/div>\n<div class=\"wpb_text_column wpb_content_element\">\n<div class=\"wpb_wrapper\">\n<p>G\u00fc\u00e7: 25W<br \/>\nKesik: \u03a6120mm<br \/>\nI\u015f\u0131n a\u00e7\u0131s\u0131: 15\u00b0\/30\u00b0\/45\u00b0<br \/>\nCCT: 3000K\/4000K\/6000K<br \/>\nRenk: Beyaz \/ Siyah \/ \u00d6zel<br \/>\nKurulum: G\u00f6mme<\/p>\n<p><img decoding=\"async\" class=\"alignnone size-full wp-image-11886\" src=\"http:\/\/sunmelighting.com\/wp-content\/uploads\/2024\/04\/Saw.webp\" alt=\"\" width=\"400\" height=\"110\" srcset=\"https:\/\/sunmelighting.com\/wp-content\/uploads\/2024\/04\/Saw.webp 400w, https:\/\/sunmelighting.com\/wp-content\/uploads\/2024\/04\/Saw-150x41.webp 150w, https:\/\/sunmelighting.com\/wp-content\/uploads\/2024\/04\/Saw-300x83.webp 300w\" sizes=\"(max-width: 400px) 100vw, 400px\" \/><\/p>\n<\/div>\n<\/div>\n<h3 data-wp-editing=\"1\"><strong>\u00dcr\u00fcn A\u00e7\u0131klamas\u0131<\/strong><\/h3>\n<ul>\n<li>\u00c7ift reflekt\u00f6rl\u00fc klasik tasar\u0131m, parlama \u00f6nleyici yap\u0131, \u00e7e\u015fitli uygulamalar i\u00e7in yumu\u015fak ve g\u00f6rsel konfor \u0131\u015f\u0131klar\u0131 sunar, UGR&lt;19.<\/li>\n<li>Farkl\u0131 boyutlara g\u00f6re min 8W'dan maks 55W'a kadar g\u00fc\u00e7 t\u00fcketimi. I\u015f\u0131n a\u00e7\u0131s\u0131 15 \/ 30 \/ 45 derece iste\u011fe ba\u011fl\u0131.<\/li>\n<li>CCT 2700K \/ 3000K \/ 4000 \/ 6000K mevcuttur, CRI 80 \/ 90 iste\u011fe ba\u011fl\u0131d\u0131r.<\/li>\n<\/ul>","protected":false},"featured_media":11908,"comment_status":"open","ping_status":"closed","template":"","meta":[],"product_brand":[],"product_cat":[140],"product_tag":[],"class_list":{"0":"post-11907","1":"product","2":"type-product","3":"status-publish","4":"has-post-thumbnail","6":"product_cat-saw-series","8":"first","9":"instock","10":"shipping-taxable","11":"product-type-simple"},"_links":{"self":[{"href":"https:\/\/sunmelighting.com\/tr\/wp-json\/wp\/v2\/product\/11907","targetHints":{"allow":["GET"]}}],"collection":[{"href":"https:\/\/sunmelighting.com\/tr\/wp-json\/wp\/v2\/product"}],"about":[{"href":"https:\/\/sunmelighting.com\/tr\/wp-json\/wp\/v2\/types\/product"}],"replies":[{"embeddable":true,"href":"https:\/\/sunmelighting.com\/tr\/wp-json\/wp\/v2\/comments?post=11907"}],"version-history":[{"count":0,"href":"https:\/\/sunmelighting.com\/tr\/wp-json\/wp\/v2\/product\/11907\/revisions"}],"wp:featuredmedia":[{"embeddable":true,"href":"https:\/\/sunmelighting.com\/tr\/wp-json\/wp\/v2\/media\/11908"}],"wp:attachment":[{"href":"https:\/\/sunmelighting.com\/tr\/wp-json\/wp\/v2\/media?parent=11907"}],"wp:term":[{"taxonomy":"product_brand","embeddable":true,"href":"https:\/\/sunmelighting.com\/tr\/wp-json\/wp\/v2\/product_brand?post=11907"},{"taxonomy":"product_cat","embeddable":true,"href":"https:\/\/sunmelighting.com\/tr\/wp-json\/wp\/v2\/product_cat?post=11907"},{"taxonomy":"product_tag","embeddable":true,"href":"https:\/\/sunmelighting.com\/tr\/wp-json\/wp\/v2\/product_tag?post=11907"}],"curies":[{"name":"wp","href":"https:\/\/api.w.org\/{rel}","templated":true}]}}