{"id":11974,"date":"2024-04-09T02:28:04","date_gmt":"2024-04-09T02:28:04","guid":{"rendered":"https:\/\/sunme.top\/?post_type=product&#038;p=11974"},"modified":"2024-08-23T05:49:48","modified_gmt":"2024-08-23T05:49:48","slug":"sd8281140r","status":"publish","type":"product","link":"https:\/\/sunmelighting.com\/tr\/product\/sd8281140r\/","title":{"rendered":"CLAY 140 A\u015fa\u011f\u0131 I\u015f\u0131k"},"content":{"rendered":"<div data-elementor-type=\"wp-post\" data-elementor-id=\"11974\" class=\"elementor elementor-11974\" data-elementor-post-type=\"product\">\n\t\t\t\t<div class=\"wd-negative-gap elementor-element elementor-element-52b2d53 e-flex e-con-boxed e-con e-parent\" data-id=\"52b2d53\" data-element_type=\"container\" data-e-type=\"container\">\n\t\t\t\t\t<div class=\"e-con-inner\">\n\t\t\t\t\t<\/div>\n\t\t\t\t<\/div>\n\t\t\t\t<\/div>","protected":false},"excerpt":{"rendered":"<div class=\"pix-el-text slide-in-container w-100\">\n<div class=\"d-inline-block\">\n<div class=\"pix-el-text slide-in-container w-100\">\n<div class=\"d-inline-block\">\n<p class=\"text-black font-weight-bold\"><strong>SD8281140R<\/strong><\/p>\n<\/div>\n<\/div>\n<\/div>\n<\/div>\n<div class=\"wpb_text_column wpb_content_element\">\n<div class=\"wpb_wrapper\">\n<p>G\u00fc\u00e7: 35W<br \/>\nKesik: \u03a6140mm<br \/>\nI\u015f\u0131n a\u00e7\u0131s\u0131: 15\u00b0\/24\u00b0\/36\u00b0\/55\u00b0<br \/>\nCCT: 2700K\/3000K\/3500K\/4000K<br \/>\nRenk: Beyaz \/ Siyah \/ \u00d6zel<br \/>\nKurulum: G\u00f6mme<\/p>\n<p><img decoding=\"async\" class=\"alignnone size-full wp-image-15070\" src=\"http:\/\/sunmelighting.com\/wp-content\/uploads\/2024\/04\/CLAY.webp\" alt=\"\" width=\"400\" height=\"110\" srcset=\"https:\/\/sunmelighting.com\/wp-content\/uploads\/2024\/04\/CLAY.webp 400w, https:\/\/sunmelighting.com\/wp-content\/uploads\/2024\/04\/CLAY-300x83.webp 300w, https:\/\/sunmelighting.com\/wp-content\/uploads\/2024\/04\/CLAY-150x41.webp 150w\" sizes=\"(max-width: 400px) 100vw, 400px\" \/><\/p>\n<\/div>\n<\/div>\n<h3 data-wp-editing=\"1\"><strong>\u00dcr\u00fcn A\u00e7\u0131klamas\u0131<\/strong><\/h3>\n<ul>\n<li>UGR&lt;19&#039;da m\u00fckemmel parlama kontrol\u00fcne sahip y\u00fcksek verimli spek\u00fcler reflekt\u00f6r. D\u00f6k\u00fcm \u0131s\u0131 emici, yeterli termal da\u011f\u0131l\u0131m sa\u011flar.<\/li>\n<li>Farkl\u0131 boyutlara g\u00f6re 8W'dan maksimum 35W'a kadar g\u00fc\u00e7 t\u00fcketimi. UGR&lt;19&#039;da g\u00f6rsel konfor.<\/li>\n<li>CCT 2700\/3000\/4000\/6000K mevcuttur, uzaktan Triyak \/ 0-10V \/ DALI dimleme iste\u011fe ba\u011fl\u0131d\u0131r.<\/li>\n<\/ul>","protected":false},"featured_media":11961,"comment_status":"open","ping_status":"closed","template":"","meta":[],"product_brand":[],"product_cat":[142],"product_tag":[],"class_list":{"0":"post-11974","1":"product","2":"type-product","3":"status-publish","4":"has-post-thumbnail","6":"product_cat-clay-series","8":"first","9":"instock","10":"shipping-taxable","11":"product-type-simple"},"_links":{"self":[{"href":"https:\/\/sunmelighting.com\/tr\/wp-json\/wp\/v2\/product\/11974","targetHints":{"allow":["GET"]}}],"collection":[{"href":"https:\/\/sunmelighting.com\/tr\/wp-json\/wp\/v2\/product"}],"about":[{"href":"https:\/\/sunmelighting.com\/tr\/wp-json\/wp\/v2\/types\/product"}],"replies":[{"embeddable":true,"href":"https:\/\/sunmelighting.com\/tr\/wp-json\/wp\/v2\/comments?post=11974"}],"version-history":[{"count":0,"href":"https:\/\/sunmelighting.com\/tr\/wp-json\/wp\/v2\/product\/11974\/revisions"}],"wp:featuredmedia":[{"embeddable":true,"href":"https:\/\/sunmelighting.com\/tr\/wp-json\/wp\/v2\/media\/11961"}],"wp:attachment":[{"href":"https:\/\/sunmelighting.com\/tr\/wp-json\/wp\/v2\/media?parent=11974"}],"wp:term":[{"taxonomy":"product_brand","embeddable":true,"href":"https:\/\/sunmelighting.com\/tr\/wp-json\/wp\/v2\/product_brand?post=11974"},{"taxonomy":"product_cat","embeddable":true,"href":"https:\/\/sunmelighting.com\/tr\/wp-json\/wp\/v2\/product_cat?post=11974"},{"taxonomy":"product_tag","embeddable":true,"href":"https:\/\/sunmelighting.com\/tr\/wp-json\/wp\/v2\/product_tag?post=11974"}],"curies":[{"name":"wp","href":"https:\/\/api.w.org\/{rel}","templated":true}]}}