{"id":12522,"date":"2024-04-11T06:31:44","date_gmt":"2024-04-11T06:31:44","guid":{"rendered":"https:\/\/sunme.top\/?post_type=product&#038;p=12522"},"modified":"2024-08-23T06:25:55","modified_gmt":"2024-08-23T06:25:55","slug":"st5211w","status":"publish","type":"product","link":"https:\/\/sunmelighting.com\/tr\/product\/st5211w\/","title":{"rendered":"DUNK 100 Y\u00fcksek Etkili Reflekt\u00f6r \/ 43W \/ Yol i\u00e7i"},"content":{"rendered":"<div data-elementor-type=\"wp-post\" data-elementor-id=\"12522\" class=\"elementor elementor-12522\" data-elementor-post-type=\"product\">\n\t\t\t\t<div class=\"wd-negative-gap elementor-element elementor-element-52b2d53 e-flex e-con-boxed e-con e-parent\" data-id=\"52b2d53\" data-element_type=\"container\" data-e-type=\"container\">\n\t\t\t\t\t<div class=\"e-con-inner\">\n\t\t\t\t\t<\/div>\n\t\t\t\t<\/div>\n\t\t<div class=\"wd-negative-gap elementor-element elementor-element-4cfbaaf e-flex e-con-boxed e-con e-parent\" data-id=\"4cfbaaf\" data-element_type=\"container\" data-e-type=\"container\">\n\t\t\t\t\t<div class=\"e-con-inner\">\n\t\t\t\t<div class=\"elementor-element elementor-element-cb13503 wd-width-100 elementor-widget elementor-widget-wd_title\" data-id=\"cb13503\" data-element_type=\"widget\" data-e-type=\"widget\" data-widget_type=\"wd_title.default\">\n\t\t\t\t<div class=\"elementor-widget-container\">\n\t\t\t\t\t\t\t<div class=\"title-wrapper wd-set-mb reset-last-child wd-title-color-default wd-title-style-default wd-title-size-default text-left\">\n\n\t\t\t\n\t\t\t<div class=\"liner-continer\">\n\t\t\t\t<h4 class=\"woodmart-title-container title wd-fontsize-l\">\u0130lgili Aksesuarlar<\/h4> \n\t\t\t\t\t\t\t<\/div>\n\n\t\t\t\t\t<\/div>\n\t\t\t\t\t\t<\/div>\n\t\t\t\t<\/div>\n\t\t<div class=\"elementor-element elementor-element-77af1fe e-con-full e-flex e-con e-child\" data-id=\"77af1fe\" data-element_type=\"container\" data-e-type=\"container\">\n\t\t<div class=\"elementor-element elementor-element-defe6ac e-con-full e-flex e-con e-child\" data-id=\"defe6ac\" data-element_type=\"container\" data-e-type=\"container\">\n\t\t\t\t<div class=\"elementor-element elementor-element-63d25f9 elementor-position-top elementor-widget elementor-widget-image-box\" data-id=\"63d25f9\" data-element_type=\"widget\" data-e-type=\"widget\" data-widget_type=\"image-box.default\">\n\t\t\t\t<div class=\"elementor-widget-container\">\n\t\t\t\t\t<div class=\"elementor-image-box-wrapper\"><figure class=\"elementor-image-box-img\"><img decoding=\"async\" width=\"800\" height=\"800\" src=\"https:\/\/sunmelighting.com\/wp-content\/uploads\/2024\/04\/DUNK-1.webp\" class=\"attachment-full size-full wp-image-16794\" alt=\"\" title=\"\" srcset=\"https:\/\/sunmelighting.com\/wp-content\/uploads\/2024\/04\/DUNK-1.webp 800w, https:\/\/sunmelighting.com\/wp-content\/uploads\/2024\/04\/DUNK-1-300x300.webp 300w, https:\/\/sunmelighting.com\/wp-content\/uploads\/2024\/04\/DUNK-1-150x150.webp 150w, https:\/\/sunmelighting.com\/wp-content\/uploads\/2024\/04\/DUNK-1-768x768.webp 768w, https:\/\/sunmelighting.com\/wp-content\/uploads\/2024\/04\/DUNK-1-600x600.webp 600w\" sizes=\"(max-width: 800px) 100vw, 800px\" \/><\/figure><div class=\"elementor-image-box-content\"><h3 class=\"elementor-image-box-title\">Mat Siyah<\/h3><\/div><\/div>\t\t\t\t<\/div>\n\t\t\t\t<\/div>\n\t\t\t\t<\/div>\n\t\t<div class=\"elementor-element elementor-element-f9b8d28 e-con-full e-flex e-con e-child\" data-id=\"f9b8d28\" data-element_type=\"container\" data-e-type=\"container\">\n\t\t\t\t<div class=\"elementor-element elementor-element-e17a98f elementor-position-top elementor-widget elementor-widget-image-box\" data-id=\"e17a98f\" data-element_type=\"widget\" data-e-type=\"widget\" data-widget_type=\"image-box.default\">\n\t\t\t\t<div class=\"elementor-widget-container\">\n\t\t\t\t\t<div class=\"elementor-image-box-wrapper\"><figure class=\"elementor-image-box-img\"><img decoding=\"async\" width=\"800\" height=\"800\" src=\"https:\/\/sunmelighting.com\/wp-content\/uploads\/2024\/04\/DUNK-2.webp\" class=\"attachment-full size-full wp-image-16795\" alt=\"\" title=\"\" srcset=\"https:\/\/sunmelighting.com\/wp-content\/uploads\/2024\/04\/DUNK-2.webp 800w, https:\/\/sunmelighting.com\/wp-content\/uploads\/2024\/04\/DUNK-2-300x300.webp 300w, https:\/\/sunmelighting.com\/wp-content\/uploads\/2024\/04\/DUNK-2-150x150.webp 150w, https:\/\/sunmelighting.com\/wp-content\/uploads\/2024\/04\/DUNK-2-768x768.webp 768w, https:\/\/sunmelighting.com\/wp-content\/uploads\/2024\/04\/DUNK-2-600x600.webp 600w\" sizes=\"(max-width: 800px) 100vw, 800px\" \/><\/figure><div class=\"elementor-image-box-content\"><h3 class=\"elementor-image-box-title\">Matt White<\/h3><\/div><\/div>\t\t\t\t<\/div>\n\t\t\t\t<\/div>\n\t\t\t\t<\/div>\n\t\t<div class=\"elementor-element elementor-element-91a13d1 e-con-full e-flex e-con e-child\" data-id=\"91a13d1\" data-element_type=\"container\" data-e-type=\"container\">\n\t\t\t\t<div class=\"elementor-element elementor-element-3595b28 elementor-position-top elementor-widget elementor-widget-image-box\" data-id=\"3595b28\" data-element_type=\"widget\" data-e-type=\"widget\" data-widget_type=\"image-box.default\">\n\t\t\t\t<div class=\"elementor-widget-container\">\n\t\t\t\t\t<div class=\"elementor-image-box-wrapper\"><figure class=\"elementor-image-box-img\"><img decoding=\"async\" width=\"800\" height=\"800\" src=\"https:\/\/sunmelighting.com\/wp-content\/uploads\/2024\/04\/DUNK-3.webp\" class=\"attachment-full size-full wp-image-16793\" alt=\"\" title=\"\" srcset=\"https:\/\/sunmelighting.com\/wp-content\/uploads\/2024\/04\/DUNK-3.webp 800w, https:\/\/sunmelighting.com\/wp-content\/uploads\/2024\/04\/DUNK-3-300x300.webp 300w, https:\/\/sunmelighting.com\/wp-content\/uploads\/2024\/04\/DUNK-3-150x150.webp 150w, https:\/\/sunmelighting.com\/wp-content\/uploads\/2024\/04\/DUNK-3-768x768.webp 768w, https:\/\/sunmelighting.com\/wp-content\/uploads\/2024\/04\/DUNK-3-600x600.webp 600w\" sizes=\"(max-width: 800px) 100vw, 800px\" \/><\/figure><div class=\"elementor-image-box-content\"><h3 class=\"elementor-image-box-title\">Alt\u0131n<\/h3><\/div><\/div>\t\t\t\t<\/div>\n\t\t\t\t<\/div>\n\t\t\t\t<\/div>\n\t\t<div class=\"elementor-element elementor-element-a8a2dc1 e-con-full e-flex e-con e-child\" data-id=\"a8a2dc1\" data-element_type=\"container\" data-e-type=\"container\">\n\t\t\t\t<\/div>\n\t\t\t\t<\/div>\n\t\t\t\t\t<\/div>\n\t\t\t\t<\/div>\n\t\t\t\t<\/div>","protected":false},"excerpt":{"rendered":"<div class=\"pix-el-text slide-in-container w-100\">\n<div class=\"d-inline-block\">\n<div class=\"pix-el-text slide-in-container w-100\">\n<div class=\"d-inline-block\">\n<div class=\"pix-el-text slide-in-container w-100\">\n<div class=\"d-inline-block\">\n<p class=\"text-black font-weight-bold\"><strong>ST5221W<\/strong><\/p>\n<\/div>\n<\/div>\n<div class=\"wpb_text_column wpb_content_element\">\n<div class=\"wpb_wrapper\">\n<p>G\u00fc\u00e7: 43W<br \/>\nCCT: 2700K\/3000K\/3500K\/4000K<br \/>\nI\u015f\u0131n a\u00e7\u0131s\u0131: 15\u00b0\/24\u00b0\/36\u00b0\/55\u00b0<br \/>\nRenk: Beyaz \/ Siyah \/ \u00d6zel<br \/>\nKurulum: 3 fazl\u0131 \/ 1 fazl\u0131<br \/>\nKesim:\/<\/p>\n<\/div>\n<\/div>\n<\/div>\n<\/div>\n<\/div>\n<\/div>\n<div class=\"wpb_text_column wpb_content_element\">\n<div class=\"wpb_wrapper\">\n<p><img decoding=\"async\" class=\"alignnone size-full wp-image-12497\" src=\"http:\/\/sunmelighting.com\/wp-content\/uploads\/2024\/04\/DUNK.webp\" alt=\"\" width=\"400\" height=\"110\" srcset=\"https:\/\/sunmelighting.com\/wp-content\/uploads\/2024\/04\/DUNK.webp 400w, https:\/\/sunmelighting.com\/wp-content\/uploads\/2024\/04\/DUNK-150x41.webp 150w, https:\/\/sunmelighting.com\/wp-content\/uploads\/2024\/04\/DUNK-300x83.webp 300w\" sizes=\"(max-width: 400px) 100vw, 400px\" \/><\/p>\n<\/div>\n<\/div>\n<div class=\"pix-heading-el text-left vc_custom_1637563284676\">\n<div>\n<div class=\"slide-in-container\">\n<h3 class=\"text-body-default font-weight-bold heading-text el-title_custom_color mb-12\" data-anim-delay=\"0\">\u00dcr\u00fcn A\u00e7\u0131klamas\u0131<\/h3>\n<\/div>\n<\/div>\n<\/div>\n<div class=\"wpb_text_column wpb_content_element\">\n<div class=\"wpb_wrapper\">\n<ul>\n<li>ADC12 G\u00f6r\u00fcn\u00fc\u015fte g\u00f6r\u00fcnmez vida tasar\u0131ml\u0131 al\u00fcminyum d\u00f6k\u00fcm<\/li>\n<li>Lens ve Reflekt\u00f6r aras\u0131nda de\u011fi\u015ftirilebilir optikler, sistem verimlili\u011fi 145lm\/w.<\/li>\n<li>15\u00b0 ila 60\u00b0 aras\u0131nda iste\u011fe ba\u011fl\u0131 \u0131\u015f\u0131n a\u00e7\u0131s\u0131.<\/li>\n<li>Dikey ayarlanabilir 355\u00b0 \/ Yatay ayarlanabilir 90\u00b0 .<\/li>\n<li>Daha iyi kullan\u0131m \u00f6mr\u00fc garantisi i\u00e7in konveksiyonel termal da\u011f\u0131tma kanatlar\u0131.<\/li>\n<li>SKD\/verimli montaj i\u00e7in benzersiz yap\u0131, ZHAGA Uyumlu.<\/li>\n<li>\u00d6zel Yak\u0131nla\u015ft\u0131rma s\u00fcr\u00fcm\u00fc mevcuttur.<\/li>\n<\/ul>\n<\/div>\n<\/div>","protected":false},"featured_media":14369,"comment_status":"open","ping_status":"closed","template":"","meta":[],"product_brand":[],"product_cat":[129],"product_tag":[],"class_list":{"0":"post-12522","1":"product","2":"type-product","3":"status-publish","4":"has-post-thumbnail","6":"product_cat-dunk-series","8":"first","9":"instock","10":"shipping-taxable","11":"product-type-simple"},"_links":{"self":[{"href":"https:\/\/sunmelighting.com\/tr\/wp-json\/wp\/v2\/product\/12522","targetHints":{"allow":["GET"]}}],"collection":[{"href":"https:\/\/sunmelighting.com\/tr\/wp-json\/wp\/v2\/product"}],"about":[{"href":"https:\/\/sunmelighting.com\/tr\/wp-json\/wp\/v2\/types\/product"}],"replies":[{"embeddable":true,"href":"https:\/\/sunmelighting.com\/tr\/wp-json\/wp\/v2\/comments?post=12522"}],"version-history":[{"count":0,"href":"https:\/\/sunmelighting.com\/tr\/wp-json\/wp\/v2\/product\/12522\/revisions"}],"wp:featuredmedia":[{"embeddable":true,"href":"https:\/\/sunmelighting.com\/tr\/wp-json\/wp\/v2\/media\/14369"}],"wp:attachment":[{"href":"https:\/\/sunmelighting.com\/tr\/wp-json\/wp\/v2\/media?parent=12522"}],"wp:term":[{"taxonomy":"product_brand","embeddable":true,"href":"https:\/\/sunmelighting.com\/tr\/wp-json\/wp\/v2\/product_brand?post=12522"},{"taxonomy":"product_cat","embeddable":true,"href":"https:\/\/sunmelighting.com\/tr\/wp-json\/wp\/v2\/product_cat?post=12522"},{"taxonomy":"product_tag","embeddable":true,"href":"https:\/\/sunmelighting.com\/tr\/wp-json\/wp\/v2\/product_tag?post=12522"}],"curies":[{"name":"wp","href":"https:\/\/api.w.org\/{rel}","templated":true}]}}