{"id":14459,"date":"2024-05-13T03:29:38","date_gmt":"2024-05-13T03:29:38","guid":{"rendered":"https:\/\/sunme.top\/?post_type=product&#038;p=14459"},"modified":"2024-05-13T07:08:22","modified_gmt":"2024-05-13T07:08:22","slug":"sd011030r-s","status":"publish","type":"product","link":"https:\/\/sunmelighting.com\/tr\/product\/sd011030r-s\/","title":{"rendered":"SARA 30 2W SMD Sabit"},"content":{"rendered":"<div data-elementor-type=\"wp-post\" data-elementor-id=\"14459\" class=\"elementor elementor-14459\" data-elementor-post-type=\"product\">\n\t\t\t\t<div class=\"wd-negative-gap elementor-element elementor-element-52b2d53 e-flex e-con-boxed e-con e-parent\" data-id=\"52b2d53\" data-element_type=\"container\" data-e-type=\"container\">\n\t\t\t\t\t<div class=\"e-con-inner\">\n\t\t\t\t\t<\/div>\n\t\t\t\t<\/div>\n\t\t\t\t<\/div>","protected":false},"excerpt":{"rendered":"<div class=\"pix-el-text slide-in-container w-100\">\n<div class=\"d-inline-block\">SD011030R-S<\/div>\n<\/div>\n<div class=\"wpb_text_column wpb_content_element\">\n<div class=\"wpb_wrapper\">\n<p>G\u00fc\u00e7: 2W<br \/>\nKesik: \u03a630mm<br \/>\nI\u015f\u0131n a\u00e7\u0131s\u0131: 15\u00b0\/24\u00b0\/36\u00b0<br \/>\nCCT: 2700K\/3000K\/3500K\/4000K<br \/>\nRenk: Beyaz \/ Siyah \/ \u00d6zel<br \/>\nKurulum: G\u00f6mme<\/p>\n<p data-wp-editing=\"1\"><img decoding=\"async\" class=\"alignnone size-full wp-image-14478\" src=\"http:\/\/sunmelighting.com\/wp-content\/uploads\/2024\/05\/SARA-SMD.webp\" alt=\"\" width=\"400\" height=\"110\" srcset=\"https:\/\/sunmelighting.com\/wp-content\/uploads\/2024\/05\/SARA-SMD.webp 400w, https:\/\/sunmelighting.com\/wp-content\/uploads\/2024\/05\/SARA-SMD-150x41.webp 150w, https:\/\/sunmelighting.com\/wp-content\/uploads\/2024\/05\/SARA-SMD-300x83.webp 300w\" sizes=\"(max-width: 400px) 100vw, 400px\" \/><\/p>\n<\/div>\n<\/div>\n<h3 data-wp-editing=\"1\"><strong>\u00dcr\u00fcn A\u00e7\u0131klamas\u0131<\/strong><\/h3>\n<ul>\n<li>Dar tavan i\u00e7in mini boyut, k\u00fc\u00e7\u00fck boyut ve y\u00fcksek g\u00fc\u00e7.<\/li>\n<li>G\u00fcc\u00fc art\u0131rmak i\u00e7in aletsiz so\u011futucu mod\u00fcl\u00fc ekleyin.<\/li>\n<li>SMD versiyonu ve COB versiyonu mevcuttur, m\u00fckemmel renk tutarl\u0131l\u0131\u011f\u0131 (2SDCM).<\/li>\n<li>Derin parlama \u00f6nleyici tasar\u0131m, iste\u011fe ba\u011fl\u0131 farkl\u0131 renk parlama \u00f6nleyici halkalar.<\/li>\n<li>Parlama \u00f6nleyici halkalar\u0131n ve lensin aletsiz de\u011fi\u015fimi, IP54 opsiyonel.<\/li>\n<li>Sabit versiyon ve ayarlanabilir versiyon mevcuttur.<\/li>\n<\/ul>","protected":false},"featured_media":14461,"comment_status":"open","ping_status":"closed","template":"","meta":[],"product_brand":[],"product_cat":[257],"product_tag":[],"class_list":{"0":"post-14459","1":"product","2":"type-product","3":"status-publish","4":"has-post-thumbnail","6":"product_cat-sara-series","8":"first","9":"instock","10":"shipping-taxable","11":"product-type-simple"},"_links":{"self":[{"href":"https:\/\/sunmelighting.com\/tr\/wp-json\/wp\/v2\/product\/14459","targetHints":{"allow":["GET"]}}],"collection":[{"href":"https:\/\/sunmelighting.com\/tr\/wp-json\/wp\/v2\/product"}],"about":[{"href":"https:\/\/sunmelighting.com\/tr\/wp-json\/wp\/v2\/types\/product"}],"replies":[{"embeddable":true,"href":"https:\/\/sunmelighting.com\/tr\/wp-json\/wp\/v2\/comments?post=14459"}],"version-history":[{"count":0,"href":"https:\/\/sunmelighting.com\/tr\/wp-json\/wp\/v2\/product\/14459\/revisions"}],"wp:featuredmedia":[{"embeddable":true,"href":"https:\/\/sunmelighting.com\/tr\/wp-json\/wp\/v2\/media\/14461"}],"wp:attachment":[{"href":"https:\/\/sunmelighting.com\/tr\/wp-json\/wp\/v2\/media?parent=14459"}],"wp:term":[{"taxonomy":"product_brand","embeddable":true,"href":"https:\/\/sunmelighting.com\/tr\/wp-json\/wp\/v2\/product_brand?post=14459"},{"taxonomy":"product_cat","embeddable":true,"href":"https:\/\/sunmelighting.com\/tr\/wp-json\/wp\/v2\/product_cat?post=14459"},{"taxonomy":"product_tag","embeddable":true,"href":"https:\/\/sunmelighting.com\/tr\/wp-json\/wp\/v2\/product_tag?post=14459"}],"curies":[{"name":"wp","href":"https:\/\/api.w.org\/{rel}","templated":true}]}}