{"id":15302,"date":"2024-05-17T08:01:21","date_gmt":"2024-05-17T08:01:21","guid":{"rendered":"http:\/\/sunmelighting.com\/?post_type=product&#038;p=15302"},"modified":"2024-08-21T03:07:03","modified_gmt":"2024-08-21T03:07:03","slug":"st6221w","status":"publish","type":"product","link":"https:\/\/sunmelighting.com\/tr\/product\/st6221w\/","title":{"rendered":"LINEAR L46 Ayarlanabilir \/ Parlama \u00d6nleyici Verison"},"content":{"rendered":"<div data-elementor-type=\"wp-post\" data-elementor-id=\"15302\" class=\"elementor elementor-15302\" data-elementor-post-type=\"product\">\n\t\t\t\t<div class=\"wd-negative-gap elementor-element elementor-element-52b2d53 e-flex e-con-boxed e-con e-parent\" data-id=\"52b2d53\" data-element_type=\"container\" data-e-type=\"container\">\n\t\t\t\t\t<div class=\"e-con-inner\">\n\t\t\t\t\t<\/div>\n\t\t\t\t<\/div>\n\t\t\t\t<\/div>","protected":false},"excerpt":{"rendered":"<div class=\"pix-el-text slide-in-container w-100\">\n<div class=\"d-inline-block\">ST6221W<\/div>\n<\/div>\n<div class=\"wpb_text_column wpb_content_element\">\n<div class=\"wpb_wrapper\">\n<p>Power: 2x20W<br \/>\nKesik: \/<br \/>\nBeam angle: 20\u00b0\/40\u00b0\/50\u00b0<br \/>\nCCT: 2700K\/3000K\/4000K\/5000K\/6500K<br \/>\nRenk: Beyaz \/ Siyah \/ \u00d6zel<br \/>\nKurulum: 3 fazl\u0131 \/ 1 fazl\u0131<\/p>\n<p data-wp-editing=\"1\"><img decoding=\"async\" class=\"alignnone size-full wp-image-15287\" src=\"http:\/\/sunmelighting.com\/wp-content\/uploads\/2024\/05\/LINEAR.webp\" alt=\"\" width=\"400\" height=\"110\" srcset=\"https:\/\/sunmelighting.com\/wp-content\/uploads\/2024\/05\/LINEAR.webp 400w, https:\/\/sunmelighting.com\/wp-content\/uploads\/2024\/05\/LINEAR-300x83.webp 300w, https:\/\/sunmelighting.com\/wp-content\/uploads\/2024\/05\/LINEAR-150x41.webp 150w\" sizes=\"(max-width: 400px) 100vw, 400px\" \/><\/p>\n<\/div>\n<\/div>\n<h3 data-wp-editing=\"1\"><strong>\u00dcr\u00fcn A\u00e7\u0131klamas\u0131<\/strong><\/h3>\n<ul>\n<li>Invisible screw and ultra-thin size design, the height is only 34mm.<\/li>\n<li>G\u00f6rsel konfor sa\u011flamak i\u00e7in derin parlama \u00f6nleyici tasar\u0131m.<\/li>\n<li>Three different beam angles optional(20\u00b0\/ 40\u00b0\/ 50\u00b0).<\/li>\n<li>Easy installation, adjustability on tilting by +\/- 70\u00b0 and rotating by 355\u00b0.<\/li>\n<li>Light distribution adaptable to the spatial situation (aisle width\/shelf height).<\/li>\n<\/ul>","protected":false},"featured_media":15303,"comment_status":"open","ping_status":"closed","template":"","meta":[],"product_brand":[],"product_cat":[132],"product_tag":[],"class_list":{"0":"post-15302","1":"product","2":"type-product","3":"status-publish","4":"has-post-thumbnail","6":"product_cat-linear-series","8":"first","9":"instock","10":"shipping-taxable","11":"product-type-simple"},"_links":{"self":[{"href":"https:\/\/sunmelighting.com\/tr\/wp-json\/wp\/v2\/product\/15302","targetHints":{"allow":["GET"]}}],"collection":[{"href":"https:\/\/sunmelighting.com\/tr\/wp-json\/wp\/v2\/product"}],"about":[{"href":"https:\/\/sunmelighting.com\/tr\/wp-json\/wp\/v2\/types\/product"}],"replies":[{"embeddable":true,"href":"https:\/\/sunmelighting.com\/tr\/wp-json\/wp\/v2\/comments?post=15302"}],"version-history":[{"count":0,"href":"https:\/\/sunmelighting.com\/tr\/wp-json\/wp\/v2\/product\/15302\/revisions"}],"wp:featuredmedia":[{"embeddable":true,"href":"https:\/\/sunmelighting.com\/tr\/wp-json\/wp\/v2\/media\/15303"}],"wp:attachment":[{"href":"https:\/\/sunmelighting.com\/tr\/wp-json\/wp\/v2\/media?parent=15302"}],"wp:term":[{"taxonomy":"product_brand","embeddable":true,"href":"https:\/\/sunmelighting.com\/tr\/wp-json\/wp\/v2\/product_brand?post=15302"},{"taxonomy":"product_cat","embeddable":true,"href":"https:\/\/sunmelighting.com\/tr\/wp-json\/wp\/v2\/product_cat?post=15302"},{"taxonomy":"product_tag","embeddable":true,"href":"https:\/\/sunmelighting.com\/tr\/wp-json\/wp\/v2\/product_tag?post=15302"}],"curies":[{"name":"wp","href":"https:\/\/api.w.org\/{rel}","templated":true}]}}