{"id":15387,"date":"2024-05-17T08:46:51","date_gmt":"2024-05-17T08:46:51","guid":{"rendered":"http:\/\/sunmelighting.com\/?post_type=product&#038;p=15387"},"modified":"2024-05-17T09:41:33","modified_gmt":"2024-05-17T09:41:33","slug":"st3023","status":"publish","type":"product","link":"https:\/\/sunmelighting.com\/tr\/product\/st3023\/","title":{"rendered":"TANGO G\u00f6mme 8W\/12W"},"content":{"rendered":"<div data-elementor-type=\"wp-post\" data-elementor-id=\"15387\" class=\"elementor elementor-15387\" data-elementor-post-type=\"product\">\n\t\t\t\t<div class=\"wd-negative-gap elementor-element elementor-element-52b2d53 e-flex e-con-boxed e-con e-parent\" data-id=\"52b2d53\" data-element_type=\"container\" data-e-type=\"container\">\n\t\t\t\t\t<div class=\"e-con-inner\">\n\t\t\t\t\t<\/div>\n\t\t\t\t<\/div>\n\t\t\t\t<\/div>","protected":false},"excerpt":{"rendered":"<div class=\"pix-el-text slide-in-container w-100\">\n<div class=\"d-inline-block\">ST3023<\/div>\n<\/div>\n<div class=\"wpb_text_column wpb_content_element\">\n<div class=\"wpb_wrapper\">\n<p>G\u00fc\u00e7: 8W\/12W<br \/>\nKesik: \u03a670mm<br \/>\nI\u015f\u0131n a\u00e7\u0131s\u0131: 15\u00b0\/24\u00b0\/36\u00b0\/55\u00b0<br \/>\nCCT: 2700K\/3000K\/3500K\/4000K<br \/>\nRenk: Beyaz \/ Siyah \/ \u00d6zel<br \/>\nKurulum: G\u00f6mme<\/p>\n<p data-wp-editing=\"1\"><img decoding=\"async\" class=\"alignnone size-full wp-image-15375\" src=\"http:\/\/sunmelighting.com\/wp-content\/uploads\/2024\/05\/TANGO-Recessed.webp\" alt=\"\" width=\"400\" height=\"110\" srcset=\"https:\/\/sunmelighting.com\/wp-content\/uploads\/2024\/05\/TANGO-Recessed.webp 400w, https:\/\/sunmelighting.com\/wp-content\/uploads\/2024\/05\/TANGO-Recessed-300x83.webp 300w, https:\/\/sunmelighting.com\/wp-content\/uploads\/2024\/05\/TANGO-Recessed-150x41.webp 150w\" sizes=\"(max-width: 400px) 100vw, 400px\" \/><\/p>\n<\/div>\n<\/div>\n<h3 data-wp-editing=\"1\"><strong>\u00dcr\u00fcn A\u00e7\u0131klamas\u0131<\/strong><\/h3>\n<ul>\n<li>Silindir ve k\u00fc\u00e7\u00fck boyutlu, dahili s\u00fcr\u00fcc\u00fcl\u00fc, TRIAC karartma ve iste\u011fe ba\u011fl\u0131 olarak Dim to Warm.<\/li>\n<li>\u0130ste\u011fe ba\u011fl\u0131 olarak 120Lm\/W'ye kadar sistem verimlili\u011fi @3000K 90RA.<\/li>\n<li>Derin parlama \u00f6nleyici tasar\u0131m, iste\u011fe ba\u011fl\u0131 farkl\u0131 renk parlama \u00f6nleyici halkalar.<\/li>\n<li>Parlama \u00f6nleyici halkalar\u0131n ve lensin aletsiz de\u011fi\u015fimi, iste\u011fe ba\u011fl\u0131 petek panjur.<\/li>\n<li>\u00dc\u00e7 montaj y\u00f6ntemi mevcuttur: Ray, G\u00f6mme ve Tavana Monte.<\/li>\n<li>Yatay olarak 0-355\u00b0 ayarlanabilir, dikey olarak 0-90\u00b0 e\u011filebilir.<\/li>\n<\/ul>","protected":false},"featured_media":15389,"comment_status":"open","ping_status":"closed","template":"","meta":[],"product_brand":[],"product_cat":[264],"product_tag":[],"class_list":{"0":"post-15387","1":"product","2":"type-product","3":"status-publish","4":"has-post-thumbnail","6":"product_cat-tango-recessed","8":"first","9":"instock","10":"shipping-taxable","11":"product-type-simple"},"_links":{"self":[{"href":"https:\/\/sunmelighting.com\/tr\/wp-json\/wp\/v2\/product\/15387","targetHints":{"allow":["GET"]}}],"collection":[{"href":"https:\/\/sunmelighting.com\/tr\/wp-json\/wp\/v2\/product"}],"about":[{"href":"https:\/\/sunmelighting.com\/tr\/wp-json\/wp\/v2\/types\/product"}],"replies":[{"embeddable":true,"href":"https:\/\/sunmelighting.com\/tr\/wp-json\/wp\/v2\/comments?post=15387"}],"version-history":[{"count":0,"href":"https:\/\/sunmelighting.com\/tr\/wp-json\/wp\/v2\/product\/15387\/revisions"}],"wp:featuredmedia":[{"embeddable":true,"href":"https:\/\/sunmelighting.com\/tr\/wp-json\/wp\/v2\/media\/15389"}],"wp:attachment":[{"href":"https:\/\/sunmelighting.com\/tr\/wp-json\/wp\/v2\/media?parent=15387"}],"wp:term":[{"taxonomy":"product_brand","embeddable":true,"href":"https:\/\/sunmelighting.com\/tr\/wp-json\/wp\/v2\/product_brand?post=15387"},{"taxonomy":"product_cat","embeddable":true,"href":"https:\/\/sunmelighting.com\/tr\/wp-json\/wp\/v2\/product_cat?post=15387"},{"taxonomy":"product_tag","embeddable":true,"href":"https:\/\/sunmelighting.com\/tr\/wp-json\/wp\/v2\/product_tag?post=15387"}],"curies":[{"name":"wp","href":"https:\/\/api.w.org\/{rel}","templated":true}]}}