{"id":17110,"date":"2024-09-06T07:04:28","date_gmt":"2024-09-06T07:04:28","guid":{"rendered":"http:\/\/sunmelighting.com\/?post_type=product&#038;p=17110"},"modified":"2024-09-09T02:36:03","modified_gmt":"2024-09-09T02:36:03","slug":"sg80505037s-l","status":"publish","type":"product","link":"https:\/\/sunmelighting.com\/tr\/product\/sg80505037s-l\/","title":{"rendered":"NEBULA 5 Sabit Trimless Lineer Izgara I\u015f\u0131k"},"content":{"rendered":"<div data-elementor-type=\"wp-post\" data-elementor-id=\"17110\" class=\"elementor elementor-17110\" data-elementor-post-type=\"product\">\n\t\t\t\t<div class=\"wd-negative-gap elementor-element elementor-element-52b2d53 e-flex e-con-boxed e-con e-parent\" data-id=\"52b2d53\" data-element_type=\"container\" data-e-type=\"container\">\n\t\t\t\t\t<div class=\"e-con-inner\">\n\t\t\t\t\t<\/div>\n\t\t\t\t<\/div>\n\t\t<div class=\"wd-negative-gap elementor-element elementor-element-9cf98ff e-flex e-con-boxed e-con e-parent\" data-id=\"9cf98ff\" data-element_type=\"container\" data-e-type=\"container\">\n\t\t\t\t\t<div class=\"e-con-inner\">\n\t\t\t\t<div class=\"elementor-element elementor-element-2baf453 wd-width-100 elementor-widget elementor-widget-wd_title\" data-id=\"2baf453\" data-element_type=\"widget\" data-e-type=\"widget\" data-widget_type=\"wd_title.default\">\n\t\t\t\t<div class=\"elementor-widget-container\">\n\t\t\t\t\t\t\t<div class=\"title-wrapper wd-set-mb reset-last-child wd-title-color-default wd-title-style-default wd-title-size-default text-left\">\n\n\t\t\t\n\t\t\t<div class=\"liner-continer\">\n\t\t\t\t<h4 class=\"woodmart-title-container title wd-fontsize-l\">\u0130lgili Aksesuarlar<\/h4> \n\t\t\t\t\t\t\t<\/div>\n\n\t\t\t\t\t<\/div>\n\t\t\t\t\t\t<\/div>\n\t\t\t\t<\/div>\n\t\t<div class=\"elementor-element elementor-element-a555282 e-con-full e-flex e-con e-child\" data-id=\"a555282\" data-element_type=\"container\" data-e-type=\"container\">\n\t\t<div class=\"elementor-element elementor-element-0e26e70 e-con-full e-flex e-con e-child\" data-id=\"0e26e70\" data-element_type=\"container\" data-e-type=\"container\">\n\t\t\t\t<div class=\"elementor-element elementor-element-6f94958 elementor-position-top elementor-widget elementor-widget-image-box\" data-id=\"6f94958\" data-element_type=\"widget\" data-e-type=\"widget\" data-widget_type=\"image-box.default\">\n\t\t\t\t<div class=\"elementor-widget-container\">\n\t\t\t\t\t<div class=\"elementor-image-box-wrapper\"><figure class=\"elementor-image-box-img\"><img decoding=\"async\" width=\"800\" height=\"800\" src=\"https:\/\/sunmelighting.com\/wp-content\/uploads\/2024\/09\/NEBULA-5-2.webp\" class=\"attachment-full size-full wp-image-17281\" alt=\"\" title=\"\" srcset=\"https:\/\/sunmelighting.com\/wp-content\/uploads\/2024\/09\/NEBULA-5-2.webp 800w, https:\/\/sunmelighting.com\/wp-content\/uploads\/2024\/09\/NEBULA-5-2-300x300.webp 300w, https:\/\/sunmelighting.com\/wp-content\/uploads\/2024\/09\/NEBULA-5-2-150x150.webp 150w, https:\/\/sunmelighting.com\/wp-content\/uploads\/2024\/09\/NEBULA-5-2-768x768.webp 768w, https:\/\/sunmelighting.com\/wp-content\/uploads\/2024\/09\/NEBULA-5-2-600x600.webp 600w\" sizes=\"(max-width: 800px) 100vw, 800px\" \/><\/figure><div class=\"elementor-image-box-content\"><h3 class=\"elementor-image-box-title\">Mat Siyah<\/h3><\/div><\/div>\t\t\t\t<\/div>\n\t\t\t\t<\/div>\n\t\t\t\t<\/div>\n\t\t<div class=\"elementor-element elementor-element-6794800 e-con-full e-flex e-con e-child\" data-id=\"6794800\" data-element_type=\"container\" data-e-type=\"container\">\n\t\t\t\t<div class=\"elementor-element elementor-element-e3586bd elementor-position-top elementor-widget elementor-widget-image-box\" data-id=\"e3586bd\" data-element_type=\"widget\" data-e-type=\"widget\" data-widget_type=\"image-box.default\">\n\t\t\t\t<div class=\"elementor-widget-container\">\n\t\t\t\t\t<div class=\"elementor-image-box-wrapper\"><figure class=\"elementor-image-box-img\"><img decoding=\"async\" width=\"800\" height=\"800\" src=\"https:\/\/sunmelighting.com\/wp-content\/uploads\/2024\/09\/NEBULA-5-3.webp\" class=\"attachment-full size-full wp-image-17282\" alt=\"\" title=\"\" srcset=\"https:\/\/sunmelighting.com\/wp-content\/uploads\/2024\/09\/NEBULA-5-3.webp 800w, https:\/\/sunmelighting.com\/wp-content\/uploads\/2024\/09\/NEBULA-5-3-300x300.webp 300w, https:\/\/sunmelighting.com\/wp-content\/uploads\/2024\/09\/NEBULA-5-3-150x150.webp 150w, https:\/\/sunmelighting.com\/wp-content\/uploads\/2024\/09\/NEBULA-5-3-768x768.webp 768w, https:\/\/sunmelighting.com\/wp-content\/uploads\/2024\/09\/NEBULA-5-3-600x600.webp 600w\" sizes=\"(max-width: 800px) 100vw, 800px\" \/><\/figure><div class=\"elementor-image-box-content\"><h3 class=\"elementor-image-box-title\">Alt\u0131n<\/h3><\/div><\/div>\t\t\t\t<\/div>\n\t\t\t\t<\/div>\n\t\t\t\t<\/div>\n\t\t<div class=\"elementor-element elementor-element-727d3de e-con-full e-flex e-con e-child\" data-id=\"727d3de\" data-element_type=\"container\" data-e-type=\"container\">\n\t\t\t\t<div class=\"elementor-element elementor-element-bc8afa5 elementor-position-top elementor-widget elementor-widget-image-box\" data-id=\"bc8afa5\" data-element_type=\"widget\" data-e-type=\"widget\" data-widget_type=\"image-box.default\">\n\t\t\t\t<div class=\"elementor-widget-container\">\n\t\t\t\t\t<div class=\"elementor-image-box-wrapper\"><figure class=\"elementor-image-box-img\"><img decoding=\"async\" width=\"800\" height=\"800\" src=\"https:\/\/sunmelighting.com\/wp-content\/uploads\/2024\/09\/NEBULA-5-1.webp\" class=\"attachment-full size-full wp-image-17280\" alt=\"\" title=\"\" srcset=\"https:\/\/sunmelighting.com\/wp-content\/uploads\/2024\/09\/NEBULA-5-1.webp 800w, https:\/\/sunmelighting.com\/wp-content\/uploads\/2024\/09\/NEBULA-5-1-300x300.webp 300w, https:\/\/sunmelighting.com\/wp-content\/uploads\/2024\/09\/NEBULA-5-1-150x150.webp 150w, https:\/\/sunmelighting.com\/wp-content\/uploads\/2024\/09\/NEBULA-5-1-768x768.webp 768w, https:\/\/sunmelighting.com\/wp-content\/uploads\/2024\/09\/NEBULA-5-1-600x600.webp 600w\" sizes=\"(max-width: 800px) 100vw, 800px\" \/><\/figure><div class=\"elementor-image-box-content\"><h3 class=\"elementor-image-box-title\">Matt White<\/h3><\/div><\/div>\t\t\t\t<\/div>\n\t\t\t\t<\/div>\n\t\t\t\t<\/div>\n\t\t<div class=\"elementor-element elementor-element-0020f79 e-con-full e-flex e-con e-child\" data-id=\"0020f79\" data-element_type=\"container\" data-e-type=\"container\">\n\t\t\t\t<\/div>\n\t\t\t\t<\/div>\n\t\t\t\t\t<\/div>\n\t\t\t\t<\/div>\n\t\t\t\t<\/div>","protected":false},"excerpt":{"rendered":"<div class=\"pix-el-text slide-in-container w-100\">\n<div class=\"d-inline-block\" style=\"text-align: left;\">SG80505037S-L<\/div>\n<\/div>\n<div class=\"wpb_text_column wpb_content_element\" style=\"text-align: left;\">\n<div class=\"wpb_wrapper\">\n<p>G\u00fc\u00e7: 12W<br \/>\nKesim: 144x45mm<br \/>\nI\u015f\u0131n a\u00e7\u0131s\u0131: 24\u00b0\/30\u00b0\/45\u00b0<br \/>\nCCT: 2700K\/3000K\/3500K\/4000K<br \/>\nRenk: Beyaz \/ Siyah \/ \u00d6zel<br \/>\nKurulum: G\u00f6mme<\/p>\n<\/div>\n<\/div>\n<p style=\"text-align: left;\"><img decoding=\"async\" class=\"alignnone size-full wp-image-17157\" src=\"http:\/\/sunmelighting.com\/wp-content\/uploads\/2024\/09\/NEBULA-SAL.webp\" alt=\"\" width=\"400\" height=\"110\" srcset=\"https:\/\/sunmelighting.com\/wp-content\/uploads\/2024\/09\/NEBULA-SAL.webp 400w, https:\/\/sunmelighting.com\/wp-content\/uploads\/2024\/09\/NEBULA-SAL-300x83.webp 300w, https:\/\/sunmelighting.com\/wp-content\/uploads\/2024\/09\/NEBULA-SAL-150x41.webp 150w\" sizes=\"(max-width: 400px) 100vw, 400px\" \/><\/p>\n<h3 style=\"text-align: left;\" data-wp-editing=\"1\"><strong>\u00dcr\u00fcn A\u00e7\u0131klamas\u0131<\/strong><\/h3>\n<p style=\"text-align: left;\">S\u0131n\u0131rl\u0131 yer ve \u00f6zel uygulamalar i\u00e7in Mini ve Do\u011frusal \u015fekilli \u0131zgara \u0131\u015f\u0131\u011f\u0131.<br \/>\n1 \/ 2 \/ 5 \/ 10 \/ 15 LED'li model tipi mevcuttur.<br \/>\nDuvar Y\u0131kama \/ Ayarlanabilir \/ Trimsiz \/ S\u0131va \u00dcst\u00fc versiyonu mevcuttur.<br \/>\nCCT 2700K \/ 3000K \/ 4000 \/ 6000K mevcuttur, CRI 80 \/ 90 iste\u011fe ba\u011fl\u0131d\u0131r.<\/p>","protected":false},"featured_media":17112,"comment_status":"open","ping_status":"closed","template":"","meta":[],"product_brand":[],"product_cat":[296],"product_tag":[],"class_list":{"0":"post-17110","1":"product","2":"type-product","3":"status-publish","4":"has-post-thumbnail","6":"product_cat-nebula-evo-tl","8":"first","9":"instock","10":"shipping-taxable","11":"product-type-simple"},"_links":{"self":[{"href":"https:\/\/sunmelighting.com\/tr\/wp-json\/wp\/v2\/product\/17110","targetHints":{"allow":["GET"]}}],"collection":[{"href":"https:\/\/sunmelighting.com\/tr\/wp-json\/wp\/v2\/product"}],"about":[{"href":"https:\/\/sunmelighting.com\/tr\/wp-json\/wp\/v2\/types\/product"}],"replies":[{"embeddable":true,"href":"https:\/\/sunmelighting.com\/tr\/wp-json\/wp\/v2\/comments?post=17110"}],"version-history":[{"count":0,"href":"https:\/\/sunmelighting.com\/tr\/wp-json\/wp\/v2\/product\/17110\/revisions"}],"wp:featuredmedia":[{"embeddable":true,"href":"https:\/\/sunmelighting.com\/tr\/wp-json\/wp\/v2\/media\/17112"}],"wp:attachment":[{"href":"https:\/\/sunmelighting.com\/tr\/wp-json\/wp\/v2\/media?parent=17110"}],"wp:term":[{"taxonomy":"product_brand","embeddable":true,"href":"https:\/\/sunmelighting.com\/tr\/wp-json\/wp\/v2\/product_brand?post=17110"},{"taxonomy":"product_cat","embeddable":true,"href":"https:\/\/sunmelighting.com\/tr\/wp-json\/wp\/v2\/product_cat?post=17110"},{"taxonomy":"product_tag","embeddable":true,"href":"https:\/\/sunmelighting.com\/tr\/wp-json\/wp\/v2\/product_tag?post=17110"}],"curies":[{"name":"wp","href":"https:\/\/api.w.org\/{rel}","templated":true}]}}