{"id":17122,"date":"2024-09-06T07:24:12","date_gmt":"2024-09-06T07:24:12","guid":{"rendered":"http:\/\/sunmelighting.com\/?post_type=product&#038;p=17122"},"modified":"2024-09-09T02:38:30","modified_gmt":"2024-09-09T02:38:30","slug":"sg80505037s-s","status":"publish","type":"product","link":"https:\/\/sunmelighting.com\/tr\/product\/sg80505037s-s\/","title":{"rendered":"NEBULA 5 S\u0131va \u00dcst\u00fc Lineer Izgara I\u015f\u0131k"},"content":{"rendered":"<div data-elementor-type=\"wp-post\" data-elementor-id=\"17122\" class=\"elementor elementor-17122\" data-elementor-post-type=\"product\">\n\t\t\t\t<div class=\"wd-negative-gap elementor-element elementor-element-52b2d53 e-flex e-con-boxed e-con e-parent\" data-id=\"52b2d53\" data-element_type=\"container\" data-e-type=\"container\">\n\t\t\t\t\t<div class=\"e-con-inner\">\n\t\t\t\t\t<\/div>\n\t\t\t\t<\/div>\n\t\t<div class=\"wd-negative-gap elementor-element elementor-element-511e8bc e-flex e-con-boxed e-con e-parent\" data-id=\"511e8bc\" data-element_type=\"container\" data-e-type=\"container\">\n\t\t\t\t\t<div class=\"e-con-inner\">\n\t\t\t\t<div class=\"elementor-element elementor-element-ed57db7 wd-width-100 elementor-widget elementor-widget-wd_title\" data-id=\"ed57db7\" data-element_type=\"widget\" data-e-type=\"widget\" data-widget_type=\"wd_title.default\">\n\t\t\t\t<div class=\"elementor-widget-container\">\n\t\t\t\t\t\t\t<div class=\"title-wrapper wd-set-mb reset-last-child wd-title-color-default wd-title-style-default wd-title-size-default text-left\">\n\n\t\t\t\n\t\t\t<div class=\"liner-continer\">\n\t\t\t\t<h4 class=\"woodmart-title-container title wd-fontsize-l\">\u0130lgili Aksesuarlar<\/h4> \n\t\t\t\t\t\t\t<\/div>\n\n\t\t\t\t\t<\/div>\n\t\t\t\t\t\t<\/div>\n\t\t\t\t<\/div>\n\t\t<div class=\"elementor-element elementor-element-4046f7f e-con-full e-flex e-con e-child\" data-id=\"4046f7f\" data-element_type=\"container\" data-e-type=\"container\">\n\t\t<div class=\"elementor-element elementor-element-2507b51 e-con-full e-flex e-con e-child\" data-id=\"2507b51\" data-element_type=\"container\" data-e-type=\"container\">\n\t\t\t\t<div class=\"elementor-element elementor-element-029fe0c elementor-position-top elementor-widget elementor-widget-image-box\" data-id=\"029fe0c\" data-element_type=\"widget\" data-e-type=\"widget\" data-widget_type=\"image-box.default\">\n\t\t\t\t<div class=\"elementor-widget-container\">\n\t\t\t\t\t<div class=\"elementor-image-box-wrapper\"><figure class=\"elementor-image-box-img\"><img decoding=\"async\" width=\"800\" height=\"800\" src=\"https:\/\/sunmelighting.com\/wp-content\/uploads\/2024\/09\/NEBULA-5-2.webp\" class=\"attachment-full size-full wp-image-17281\" alt=\"\" title=\"\" srcset=\"https:\/\/sunmelighting.com\/wp-content\/uploads\/2024\/09\/NEBULA-5-2.webp 800w, https:\/\/sunmelighting.com\/wp-content\/uploads\/2024\/09\/NEBULA-5-2-300x300.webp 300w, https:\/\/sunmelighting.com\/wp-content\/uploads\/2024\/09\/NEBULA-5-2-150x150.webp 150w, https:\/\/sunmelighting.com\/wp-content\/uploads\/2024\/09\/NEBULA-5-2-768x768.webp 768w, https:\/\/sunmelighting.com\/wp-content\/uploads\/2024\/09\/NEBULA-5-2-600x600.webp 600w\" sizes=\"(max-width: 800px) 100vw, 800px\" \/><\/figure><div class=\"elementor-image-box-content\"><h3 class=\"elementor-image-box-title\">Mat Siyah<\/h3><\/div><\/div>\t\t\t\t<\/div>\n\t\t\t\t<\/div>\n\t\t\t\t<\/div>\n\t\t<div class=\"elementor-element elementor-element-83e6214 e-con-full e-flex e-con e-child\" data-id=\"83e6214\" data-element_type=\"container\" data-e-type=\"container\">\n\t\t\t\t<div class=\"elementor-element elementor-element-9d98743 elementor-position-top elementor-widget elementor-widget-image-box\" data-id=\"9d98743\" data-element_type=\"widget\" data-e-type=\"widget\" data-widget_type=\"image-box.default\">\n\t\t\t\t<div class=\"elementor-widget-container\">\n\t\t\t\t\t<div class=\"elementor-image-box-wrapper\"><figure class=\"elementor-image-box-img\"><img decoding=\"async\" width=\"800\" height=\"800\" src=\"https:\/\/sunmelighting.com\/wp-content\/uploads\/2024\/09\/NEBULA-5-3.webp\" class=\"attachment-full size-full wp-image-17282\" alt=\"\" title=\"\" srcset=\"https:\/\/sunmelighting.com\/wp-content\/uploads\/2024\/09\/NEBULA-5-3.webp 800w, https:\/\/sunmelighting.com\/wp-content\/uploads\/2024\/09\/NEBULA-5-3-300x300.webp 300w, https:\/\/sunmelighting.com\/wp-content\/uploads\/2024\/09\/NEBULA-5-3-150x150.webp 150w, https:\/\/sunmelighting.com\/wp-content\/uploads\/2024\/09\/NEBULA-5-3-768x768.webp 768w, https:\/\/sunmelighting.com\/wp-content\/uploads\/2024\/09\/NEBULA-5-3-600x600.webp 600w\" sizes=\"(max-width: 800px) 100vw, 800px\" \/><\/figure><div class=\"elementor-image-box-content\"><h3 class=\"elementor-image-box-title\">Alt\u0131n<\/h3><\/div><\/div>\t\t\t\t<\/div>\n\t\t\t\t<\/div>\n\t\t\t\t<\/div>\n\t\t<div class=\"elementor-element elementor-element-7b701cc e-con-full e-flex e-con e-child\" data-id=\"7b701cc\" data-element_type=\"container\" data-e-type=\"container\">\n\t\t\t\t<div class=\"elementor-element elementor-element-07f2cdc elementor-position-top elementor-widget elementor-widget-image-box\" data-id=\"07f2cdc\" data-element_type=\"widget\" data-e-type=\"widget\" data-widget_type=\"image-box.default\">\n\t\t\t\t<div class=\"elementor-widget-container\">\n\t\t\t\t\t<div class=\"elementor-image-box-wrapper\"><figure class=\"elementor-image-box-img\"><img decoding=\"async\" width=\"800\" height=\"800\" src=\"https:\/\/sunmelighting.com\/wp-content\/uploads\/2024\/09\/NEBULA-5-1.webp\" class=\"attachment-full size-full wp-image-17280\" alt=\"\" title=\"\" srcset=\"https:\/\/sunmelighting.com\/wp-content\/uploads\/2024\/09\/NEBULA-5-1.webp 800w, https:\/\/sunmelighting.com\/wp-content\/uploads\/2024\/09\/NEBULA-5-1-300x300.webp 300w, https:\/\/sunmelighting.com\/wp-content\/uploads\/2024\/09\/NEBULA-5-1-150x150.webp 150w, https:\/\/sunmelighting.com\/wp-content\/uploads\/2024\/09\/NEBULA-5-1-768x768.webp 768w, https:\/\/sunmelighting.com\/wp-content\/uploads\/2024\/09\/NEBULA-5-1-600x600.webp 600w\" sizes=\"(max-width: 800px) 100vw, 800px\" \/><\/figure><div class=\"elementor-image-box-content\"><h3 class=\"elementor-image-box-title\">Matt White<\/h3><\/div><\/div>\t\t\t\t<\/div>\n\t\t\t\t<\/div>\n\t\t\t\t<\/div>\n\t\t<div class=\"elementor-element elementor-element-6c9fb42 e-con-full e-flex e-con e-child\" data-id=\"6c9fb42\" data-element_type=\"container\" data-e-type=\"container\">\n\t\t\t\t<\/div>\n\t\t\t\t<\/div>\n\t\t\t\t\t<\/div>\n\t\t\t\t<\/div>\n\t\t\t\t<\/div>","protected":false},"excerpt":{"rendered":"<div class=\"pix-el-text slide-in-container w-100\">\n<div class=\"d-inline-block\" style=\"text-align: left;\">SG80505037S-S<\/div>\n<\/div>\n<div class=\"wpb_text_column wpb_content_element\" style=\"text-align: left;\">\n<div class=\"wpb_wrapper\">\n<p>G\u00fc\u00e7: 12W<br \/>\nKesik: \/<br \/>\nI\u015f\u0131n a\u00e7\u0131s\u0131: 24\u00b0\/30\u00b0\/45\u00b0<br \/>\nCCT: 2700K\/3000K\/3500K\/4000K<br \/>\nRenk: Beyaz \/ Siyah \/ \u00d6zel<br \/>\nKurulum: Y\u00fczeye Monte<\/p>\n<\/div>\n<\/div>\n<p style=\"text-align: left;\"><img decoding=\"async\" class=\"alignnone size-full wp-image-17153\" src=\"http:\/\/sunmelighting.com\/wp-content\/uploads\/2024\/09\/NEBULA-SS.webp\" alt=\"\" width=\"400\" height=\"110\" srcset=\"https:\/\/sunmelighting.com\/wp-content\/uploads\/2024\/09\/NEBULA-SS.webp 400w, https:\/\/sunmelighting.com\/wp-content\/uploads\/2024\/09\/NEBULA-SS-300x83.webp 300w, https:\/\/sunmelighting.com\/wp-content\/uploads\/2024\/09\/NEBULA-SS-150x41.webp 150w\" sizes=\"(max-width: 400px) 100vw, 400px\" \/><\/p>\n<h3 style=\"text-align: left;\" data-wp-editing=\"1\"><strong>\u00dcr\u00fcn A\u00e7\u0131klamas\u0131<\/strong><\/h3>\n<p style=\"text-align: left;\">S\u0131n\u0131rl\u0131 yer ve \u00f6zel uygulamalar i\u00e7in Mini ve Do\u011frusal \u015fekilli \u0131zgara \u0131\u015f\u0131\u011f\u0131.<br \/>\n1 \/ 2 \/ 5 \/ 10 \/ 15 LED'li model tipi mevcuttur.<br \/>\nDuvar Y\u0131kama \/ Ayarlanabilir \/ Trimsiz \/ S\u0131va \u00dcst\u00fc versiyonu mevcuttur.<br \/>\nCCT 2700K \/ 3000K \/ 4000 \/ 6000K mevcuttur, CRI 80 \/ 90 iste\u011fe ba\u011fl\u0131d\u0131r.<\/p>","protected":false},"featured_media":17124,"comment_status":"open","ping_status":"closed","template":"","meta":[],"product_brand":[],"product_cat":[297],"product_tag":[],"class_list":{"0":"post-17122","1":"product","2":"type-product","3":"status-publish","4":"has-post-thumbnail","6":"product_cat-nebula-evo-sm","8":"first","9":"instock","10":"shipping-taxable","11":"product-type-simple"},"_links":{"self":[{"href":"https:\/\/sunmelighting.com\/tr\/wp-json\/wp\/v2\/product\/17122","targetHints":{"allow":["GET"]}}],"collection":[{"href":"https:\/\/sunmelighting.com\/tr\/wp-json\/wp\/v2\/product"}],"about":[{"href":"https:\/\/sunmelighting.com\/tr\/wp-json\/wp\/v2\/types\/product"}],"replies":[{"embeddable":true,"href":"https:\/\/sunmelighting.com\/tr\/wp-json\/wp\/v2\/comments?post=17122"}],"version-history":[{"count":0,"href":"https:\/\/sunmelighting.com\/tr\/wp-json\/wp\/v2\/product\/17122\/revisions"}],"wp:featuredmedia":[{"embeddable":true,"href":"https:\/\/sunmelighting.com\/tr\/wp-json\/wp\/v2\/media\/17124"}],"wp:attachment":[{"href":"https:\/\/sunmelighting.com\/tr\/wp-json\/wp\/v2\/media?parent=17122"}],"wp:term":[{"taxonomy":"product_brand","embeddable":true,"href":"https:\/\/sunmelighting.com\/tr\/wp-json\/wp\/v2\/product_brand?post=17122"},{"taxonomy":"product_cat","embeddable":true,"href":"https:\/\/sunmelighting.com\/tr\/wp-json\/wp\/v2\/product_cat?post=17122"},{"taxonomy":"product_tag","embeddable":true,"href":"https:\/\/sunmelighting.com\/tr\/wp-json\/wp\/v2\/product_tag?post=17122"}],"curies":[{"name":"wp","href":"https:\/\/api.w.org\/{rel}","templated":true}]}}