{"id":17134,"date":"2024-09-06T07:35:35","date_gmt":"2024-09-06T07:35:35","guid":{"rendered":"http:\/\/sunmelighting.com\/?post_type=product&#038;p=17134"},"modified":"2024-09-06T08:02:10","modified_gmt":"2024-09-06T08:02:10","slug":"sg80701145s","status":"publish","type":"product","link":"https:\/\/sunmelighting.com\/tr\/product\/sg80701145s\/","title":{"rendered":"Comet Tekli \/ Kare \/ Reflekt\u00f6r"},"content":{"rendered":"<div data-elementor-type=\"wp-post\" data-elementor-id=\"17134\" class=\"elementor elementor-17134\" data-elementor-post-type=\"product\">\n\t\t\t\t<div class=\"wd-negative-gap elementor-element elementor-element-52b2d53 e-flex e-con-boxed e-con e-parent\" data-id=\"52b2d53\" data-element_type=\"container\" data-e-type=\"container\">\n\t\t\t\t\t<div class=\"e-con-inner\">\n\t\t\t\t\t<\/div>\n\t\t\t\t<\/div>\n\t\t\t\t<\/div>","protected":false},"excerpt":{"rendered":"<div class=\"pix-el-text slide-in-container w-100\">\n<div class=\"d-inline-block\" style=\"text-align: left;\">SG80701145S<\/div>\n<\/div>\n<div class=\"wpb_text_column wpb_content_element\" style=\"text-align: left;\">\n<div class=\"wpb_wrapper\">\n<p>Power:23W\/32W<br \/>\nKesim: 145x145mm<br \/>\nI\u015f\u0131n a\u00e7\u0131s\u0131: 15\/24\/36\/50\u00b0<br \/>\nCCT: 2700K\/3000K\/3500K\/4000K<br \/>\nRenk: Beyaz \/ Siyah \/ \u00d6zel<br \/>\nKurulum: G\u00f6mme<\/p>\n<\/div>\n<\/div>\n<p style=\"text-align: left;\"><img decoding=\"async\" class=\"size-full wp-image-17142 alignnone\" src=\"http:\/\/sunmelighting.com\/wp-content\/uploads\/2024\/09\/Comet.webp\" alt=\"\" width=\"400\" height=\"110\" srcset=\"https:\/\/sunmelighting.com\/wp-content\/uploads\/2024\/09\/Comet.webp 400w, https:\/\/sunmelighting.com\/wp-content\/uploads\/2024\/09\/Comet-300x83.webp 300w, https:\/\/sunmelighting.com\/wp-content\/uploads\/2024\/09\/Comet-150x41.webp 150w\" sizes=\"(max-width: 400px) 100vw, 400px\" \/><\/p>\n<h3 style=\"text-align: left;\" data-wp-editing=\"1\"><strong>\u00dcr\u00fcn A\u00e7\u0131klamas\u0131<\/strong><\/h3>\n<ul>\n<li style=\"text-align: left;\">130Lm\/W @3000K 90RA'ya kadar sistem verimlili\u011fi.<\/li>\n<li style=\"text-align: left;\">TRIAC \/ 0-10V \/ DALI karartma iste\u011fe ba\u011fl\u0131. Projeler i\u00e7in tam aral\u0131kl\u0131 \u0131\u015f\u0131n a\u00e7\u0131lar\u0131 mevcuttur.<\/li>\n<li style=\"text-align: left;\">Farkl\u0131 t\u00fcrde uygulamalar i\u00e7in Tek \/ \u0130kiz \/ \u00dc\u00e7 kafal\u0131 armat\u00fcr.<\/li>\n<\/ul>","protected":false},"featured_media":17135,"comment_status":"open","ping_status":"closed","template":"","meta":[],"product_brand":[],"product_cat":[300],"product_tag":[],"class_list":{"0":"post-17134","1":"product","2":"type-product","3":"status-publish","4":"has-post-thumbnail","6":"product_cat-comet","8":"first","9":"instock","10":"shipping-taxable","11":"product-type-simple"},"_links":{"self":[{"href":"https:\/\/sunmelighting.com\/tr\/wp-json\/wp\/v2\/product\/17134","targetHints":{"allow":["GET"]}}],"collection":[{"href":"https:\/\/sunmelighting.com\/tr\/wp-json\/wp\/v2\/product"}],"about":[{"href":"https:\/\/sunmelighting.com\/tr\/wp-json\/wp\/v2\/types\/product"}],"replies":[{"embeddable":true,"href":"https:\/\/sunmelighting.com\/tr\/wp-json\/wp\/v2\/comments?post=17134"}],"version-history":[{"count":0,"href":"https:\/\/sunmelighting.com\/tr\/wp-json\/wp\/v2\/product\/17134\/revisions"}],"wp:featuredmedia":[{"embeddable":true,"href":"https:\/\/sunmelighting.com\/tr\/wp-json\/wp\/v2\/media\/17135"}],"wp:attachment":[{"href":"https:\/\/sunmelighting.com\/tr\/wp-json\/wp\/v2\/media?parent=17134"}],"wp:term":[{"taxonomy":"product_brand","embeddable":true,"href":"https:\/\/sunmelighting.com\/tr\/wp-json\/wp\/v2\/product_brand?post=17134"},{"taxonomy":"product_cat","embeddable":true,"href":"https:\/\/sunmelighting.com\/tr\/wp-json\/wp\/v2\/product_cat?post=17134"},{"taxonomy":"product_tag","embeddable":true,"href":"https:\/\/sunmelighting.com\/tr\/wp-json\/wp\/v2\/product_tag?post=17134"}],"curies":[{"name":"wp","href":"https:\/\/api.w.org\/{rel}","templated":true}]}}