{"id":17178,"date":"2024-09-06T08:26:53","date_gmt":"2024-09-06T08:26:53","guid":{"rendered":"http:\/\/sunmelighting.com\/?post_type=product&#038;p=17178"},"modified":"2024-09-06T08:38:11","modified_gmt":"2024-09-06T08:38:11","slug":"ss815072s","status":"publish","type":"product","link":"https:\/\/sunmelighting.com\/tr\/product\/ss815072s\/","title":{"rendered":"HELLAS 72R Kare Y\u00fczey A\u015fa\u011f\u0131 I\u015f\u0131k"},"content":{"rendered":"<div data-elementor-type=\"wp-post\" data-elementor-id=\"17178\" class=\"elementor elementor-17178\" data-elementor-post-type=\"product\">\n\t\t\t\t<div class=\"wd-negative-gap elementor-element elementor-element-52b2d53 e-flex e-con-boxed e-con e-parent\" data-id=\"52b2d53\" data-element_type=\"container\" data-e-type=\"container\">\n\t\t\t\t\t<div class=\"e-con-inner\">\n\t\t\t\t\t<\/div>\n\t\t\t\t<\/div>\n\t\t\t\t<\/div>","protected":false},"excerpt":{"rendered":"<div class=\"pix-el-text slide-in-container w-100\">\n<div class=\"d-inline-block\" style=\"text-align: left;\">SS815072S<\/div>\n<\/div>\n<div class=\"wpb_text_column wpb_content_element\" style=\"text-align: left;\">\n<div class=\"wpb_wrapper\">\n<p>G\u00fc\u00e7:8W<br \/>\nKesik: \/<br \/>\nI\u015f\u0131n a\u00e7\u0131s\u0131: 15\u00b0\/36\u00b0\/55\u00b0<br \/>\nCCT: 2700K\/3000K\/3500K\/4000K<br \/>\nRenk: Beyaz \/ Siyah \/ \u00d6zel<br \/>\nKurulum: Y\u00fczeye Monte<\/p>\n<\/div>\n<\/div>\n<p style=\"text-align: left;\"><img decoding=\"async\" class=\"alignnone size-full wp-image-17170\" src=\"http:\/\/sunmelighting.com\/wp-content\/uploads\/2024\/09\/HELLAS.webp\" alt=\"\" width=\"400\" height=\"110\" srcset=\"https:\/\/sunmelighting.com\/wp-content\/uploads\/2024\/09\/HELLAS.webp 400w, https:\/\/sunmelighting.com\/wp-content\/uploads\/2024\/09\/HELLAS-300x83.webp 300w, https:\/\/sunmelighting.com\/wp-content\/uploads\/2024\/09\/HELLAS-150x41.webp 150w\" sizes=\"(max-width: 400px) 100vw, 400px\" \/><\/p>\n<h3 style=\"text-align: left;\" data-wp-editing=\"1\"><strong>\u00dcr\u00fcn A\u00e7\u0131klamas\u0131<\/strong><\/h3>\n<ul>\n<li style=\"text-align: left;\">En iyi parlama \u00f6nleyici ayd\u0131nlatma deneyimine sahip derin reflekt\u00f6r.<\/li>\n<li style=\"text-align: left;\">D\u00f6k\u00fcm \u0131s\u0131 emici, yeterli termal da\u011f\u0131l\u0131m ve uzun kullan\u0131m \u00f6mr\u00fc sa\u011flar.<\/li>\n<li style=\"text-align: left;\">Farkl\u0131 boyutlara g\u00f6re 8W'dan maksimum 32W'a kadar g\u00fc\u00e7 t\u00fcketimi.<\/li>\n<li style=\"text-align: left;\">CCT 2700K \/ 3000K \/ 4000 \/ 6000K mevcuttur, CRI 90 \/ 95 iste\u011fe ba\u011fl\u0131d\u0131r.<\/li>\n<\/ul>","protected":false},"featured_media":17181,"comment_status":"open","ping_status":"closed","template":"","meta":[],"product_brand":[],"product_cat":[298],"product_tag":[],"class_list":{"0":"post-17178","1":"product","2":"type-product","3":"status-publish","4":"has-post-thumbnail","6":"product_cat-hellas","8":"first","9":"instock","10":"shipping-taxable","11":"product-type-simple"},"_links":{"self":[{"href":"https:\/\/sunmelighting.com\/tr\/wp-json\/wp\/v2\/product\/17178","targetHints":{"allow":["GET"]}}],"collection":[{"href":"https:\/\/sunmelighting.com\/tr\/wp-json\/wp\/v2\/product"}],"about":[{"href":"https:\/\/sunmelighting.com\/tr\/wp-json\/wp\/v2\/types\/product"}],"replies":[{"embeddable":true,"href":"https:\/\/sunmelighting.com\/tr\/wp-json\/wp\/v2\/comments?post=17178"}],"version-history":[{"count":0,"href":"https:\/\/sunmelighting.com\/tr\/wp-json\/wp\/v2\/product\/17178\/revisions"}],"wp:featuredmedia":[{"embeddable":true,"href":"https:\/\/sunmelighting.com\/tr\/wp-json\/wp\/v2\/media\/17181"}],"wp:attachment":[{"href":"https:\/\/sunmelighting.com\/tr\/wp-json\/wp\/v2\/media?parent=17178"}],"wp:term":[{"taxonomy":"product_brand","embeddable":true,"href":"https:\/\/sunmelighting.com\/tr\/wp-json\/wp\/v2\/product_brand?post=17178"},{"taxonomy":"product_cat","embeddable":true,"href":"https:\/\/sunmelighting.com\/tr\/wp-json\/wp\/v2\/product_cat?post=17178"},{"taxonomy":"product_tag","embeddable":true,"href":"https:\/\/sunmelighting.com\/tr\/wp-json\/wp\/v2\/product_tag?post=17178"}],"curies":[{"name":"wp","href":"https:\/\/api.w.org\/{rel}","templated":true}]}}