{"id":17265,"date":"2024-09-09T02:13:53","date_gmt":"2024-09-09T02:13:53","guid":{"rendered":"http:\/\/sunmelighting.com\/?post_type=product&#038;p=17265"},"modified":"2025-07-21T10:39:23","modified_gmt":"2025-07-21T02:39:23","slug":"sc6082115r-r","status":"publish","type":"product","link":"https:\/\/sunmelighting.com\/tr\/product\/sc6082115r-r\/","title":{"rendered":"Bagaj 115 Al\u00fcminyum Reflekt\u00f6r \/ Giri\u015f &amp; \u00c7\u0131k\u0131\u015f"},"content":{"rendered":"<div data-elementor-type=\"wp-post\" data-elementor-id=\"17265\" class=\"elementor elementor-17265\" data-elementor-post-type=\"product\">\n\t\t\t\t<div class=\"wd-negative-gap elementor-element elementor-element-52b2d53 e-flex e-con-boxed e-con e-parent\" data-id=\"52b2d53\" data-element_type=\"container\" data-e-type=\"container\">\n\t\t\t\t\t<div class=\"e-con-inner\">\n\t\t\t\t\t<\/div>\n\t\t\t\t<\/div>\n\t\t\t\t<\/div>","protected":false},"excerpt":{"rendered":"<div class=\"pix-el-text slide-in-container w-100\">\n<div class=\"d-inline-block\" style=\"text-align: left;\">SC6082115R-R<\/div>\n<\/div>\n<div class=\"wpb_text_column wpb_content_element\" style=\"text-align: left;\">\n<div class=\"wpb_wrapper\">\n<p>G\u00fc\u00e7:35W<br \/>\nKesik: \u03a6115-125mm<br \/>\nI\u015f\u0131n a\u00e7\u0131s\u0131: 15\u00b0\/24\u00b0\/36\u00b0\/60\u00b0<br \/>\nCCT: 2700K\/3000K\/3500K\/4000K<br \/>\nRenk: Beyaz \/ Siyah \/ \u00d6zel<br \/>\nKurulum: G\u00f6mme<\/p>\n<\/div>\n<\/div>\n<p style=\"text-align: left;\"><img decoding=\"async\" class=\"alignnone size-full wp-image-17225\" src=\"http:\/\/sunmelighting.com\/wp-content\/uploads\/2024\/09\/Trunk.webp\" alt=\"\" width=\"400\" height=\"110\" srcset=\"https:\/\/sunmelighting.com\/wp-content\/uploads\/2024\/09\/Trunk.webp 400w, https:\/\/sunmelighting.com\/wp-content\/uploads\/2024\/09\/Trunk-300x83.webp 300w, https:\/\/sunmelighting.com\/wp-content\/uploads\/2024\/09\/Trunk-150x41.webp 150w\" sizes=\"(max-width: 400px) 100vw, 400px\" \/><\/p>\n<h3 style=\"text-align: left;\" data-wp-editing=\"1\"><strong>\u00dcr\u00fcn A\u00e7\u0131klamas\u0131<\/strong><\/h3>\n<ul>\n<li style=\"text-align: left;\">Push In &amp; Pull Out 355 derece ayarlanabilir spot \u0131\u015f\u0131\u011f\u0131, her y\u00f6ne ayd\u0131nlatma taleplerini kar\u015f\u0131lar.<\/li>\n<li style=\"text-align: left;\">130Lm\/W @3000K 90RA'ya kadar sistem verimlili\u011fi.<\/li>\n<li style=\"text-align: left;\">Parlama \u00f6nleyici lens \/ Al\u00fcminyum Reflekt\u00f6r \/ Alanod Reflekt\u00f6r versiyonu mevcuttur.<\/li>\n<li style=\"text-align: left;\">TRIAC \/ 0-10V \/ DALI karartma iste\u011fe ba\u011fl\u0131. Projeler i\u00e7in tam aral\u0131kl\u0131 \u0131\u015f\u0131n a\u00e7\u0131lar\u0131 mevcuttur.<\/li>\n<\/ul>","protected":false},"featured_media":17248,"comment_status":"closed","ping_status":"closed","template":"","meta":[],"product_brand":[],"product_cat":[299],"product_tag":[],"class_list":{"0":"post-17265","1":"product","2":"type-product","3":"status-publish","4":"has-post-thumbnail","6":"product_cat-trunk","8":"first","9":"instock","10":"shipping-taxable","11":"product-type-simple"},"_links":{"self":[{"href":"https:\/\/sunmelighting.com\/tr\/wp-json\/wp\/v2\/product\/17265","targetHints":{"allow":["GET"]}}],"collection":[{"href":"https:\/\/sunmelighting.com\/tr\/wp-json\/wp\/v2\/product"}],"about":[{"href":"https:\/\/sunmelighting.com\/tr\/wp-json\/wp\/v2\/types\/product"}],"replies":[{"embeddable":true,"href":"https:\/\/sunmelighting.com\/tr\/wp-json\/wp\/v2\/comments?post=17265"}],"version-history":[{"count":0,"href":"https:\/\/sunmelighting.com\/tr\/wp-json\/wp\/v2\/product\/17265\/revisions"}],"wp:featuredmedia":[{"embeddable":true,"href":"https:\/\/sunmelighting.com\/tr\/wp-json\/wp\/v2\/media\/17248"}],"wp:attachment":[{"href":"https:\/\/sunmelighting.com\/tr\/wp-json\/wp\/v2\/media?parent=17265"}],"wp:term":[{"taxonomy":"product_brand","embeddable":true,"href":"https:\/\/sunmelighting.com\/tr\/wp-json\/wp\/v2\/product_brand?post=17265"},{"taxonomy":"product_cat","embeddable":true,"href":"https:\/\/sunmelighting.com\/tr\/wp-json\/wp\/v2\/product_cat?post=17265"},{"taxonomy":"product_tag","embeddable":true,"href":"https:\/\/sunmelighting.com\/tr\/wp-json\/wp\/v2\/product_tag?post=17265"}],"curies":[{"name":"wp","href":"https:\/\/api.w.org\/{rel}","templated":true}]}}