{"id":19714,"date":"2025-07-24T11:18:52","date_gmt":"2025-07-24T03:18:52","guid":{"rendered":"https:\/\/sunmelighting.com\/?post_type=product&#038;p=19714"},"modified":"2025-07-24T11:23:12","modified_gmt":"2025-07-24T03:23:12","slug":"sd8111200r","status":"publish","type":"product","link":"https:\/\/sunmelighting.com\/tr\/product\/sd8111200r\/","title":{"rendered":"ORO 200 IP54 Yuvarlak \/ A\u015fa\u011f\u0131 I\u015f\u0131k"},"content":{"rendered":"<div data-elementor-type=\"wp-post\" data-elementor-id=\"19714\" class=\"elementor elementor-19714\" data-elementor-post-type=\"product\">\n\t\t\t\t<div class=\"wd-negative-gap elementor-element elementor-element-52b2d53 e-flex e-con-boxed e-con e-parent\" data-id=\"52b2d53\" data-element_type=\"container\" data-e-type=\"container\">\n\t\t\t\t\t<div class=\"e-con-inner\">\n\t\t\t\t\t<\/div>\n\t\t\t\t<\/div>\n\t\t<div class=\"wd-negative-gap elementor-element elementor-element-ad438e5 e-flex e-con-boxed e-con e-parent\" data-id=\"ad438e5\" data-element_type=\"container\" data-e-type=\"container\">\n\t\t\t\t\t<div class=\"e-con-inner\">\n\t\t\t\t<div class=\"elementor-element elementor-element-31fc32c wd-width-100 elementor-widget elementor-widget-wd_title\" data-id=\"31fc32c\" data-element_type=\"widget\" data-e-type=\"widget\" data-widget_type=\"wd_title.default\">\n\t\t\t\t<div class=\"elementor-widget-container\">\n\t\t\t\t\t\t\t<div class=\"title-wrapper wd-set-mb reset-last-child wd-title-color-default wd-title-style-default wd-title-size-default text-left\">\n\n\t\t\t\n\t\t\t<div class=\"liner-continer\">\n\t\t\t\t<h4 class=\"woodmart-title-container title wd-fontsize-l\">\u0130lgili Aksesuarlar<\/h4> \n\t\t\t\t\t\t\t<\/div>\n\n\t\t\t\t\t<\/div>\n\t\t\t\t\t\t<\/div>\n\t\t\t\t<\/div>\n\t\t<div class=\"elementor-element elementor-element-8e2506e e-con-full e-flex e-con e-child\" data-id=\"8e2506e\" data-element_type=\"container\" data-e-type=\"container\">\n\t\t<div class=\"elementor-element elementor-element-859b67f e-con-full e-flex e-con e-child\" data-id=\"859b67f\" data-element_type=\"container\" data-e-type=\"container\">\n\t\t\t\t<div class=\"elementor-element elementor-element-23e4711 elementor-position-top elementor-widget elementor-widget-image-box\" data-id=\"23e4711\" data-element_type=\"widget\" data-e-type=\"widget\" data-widget_type=\"image-box.default\">\n\t\t\t\t<div class=\"elementor-widget-container\">\n\t\t\t\t\t<div class=\"elementor-image-box-wrapper\"><figure class=\"elementor-image-box-img\"><img decoding=\"async\" width=\"800\" height=\"800\" src=\"https:\/\/sunmelighting.com\/wp-content\/uploads\/2024\/04\/Honeycomb-louver.webp\" class=\"attachment-full size-full wp-image-11363\" alt=\"\" title=\"\" srcset=\"https:\/\/sunmelighting.com\/wp-content\/uploads\/2024\/04\/Honeycomb-louver.webp 800w, https:\/\/sunmelighting.com\/wp-content\/uploads\/2024\/04\/Honeycomb-louver-600x600.webp 600w, https:\/\/sunmelighting.com\/wp-content\/uploads\/2024\/04\/Honeycomb-louver-150x150.webp 150w, https:\/\/sunmelighting.com\/wp-content\/uploads\/2024\/04\/Honeycomb-louver-300x300.webp 300w, https:\/\/sunmelighting.com\/wp-content\/uploads\/2024\/04\/Honeycomb-louver-768x768.webp 768w\" sizes=\"(max-width: 800px) 100vw, 800px\" \/><\/figure><div class=\"elementor-image-box-content\"><h3 class=\"elementor-image-box-title\">Petek panjur<\/h3><\/div><\/div>\t\t\t\t<\/div>\n\t\t\t\t<\/div>\n\t\t\t\t<\/div>\n\t\t<div class=\"elementor-element elementor-element-efcb3f0 e-con-full e-flex e-con e-child\" data-id=\"efcb3f0\" data-element_type=\"container\" data-e-type=\"container\">\n\t\t\t\t<\/div>\n\t\t<div class=\"elementor-element elementor-element-3028948 e-con-full e-flex e-con e-child\" data-id=\"3028948\" data-element_type=\"container\" data-e-type=\"container\">\n\t\t\t\t<\/div>\n\t\t<div class=\"elementor-element elementor-element-02005e2 e-con-full e-flex e-con e-child\" data-id=\"02005e2\" data-element_type=\"container\" data-e-type=\"container\">\n\t\t\t\t<\/div>\n\t\t\t\t<\/div>\n\t\t\t\t\t<\/div>\n\t\t\t\t<\/div>\n\t\t\t\t<\/div>","protected":false},"excerpt":{"rendered":"<div class=\"pix-el-text slide-in-container w-100\">\n<div class=\"d-inline-block\" style=\"text-align: left;\">SD8111200R<\/div>\n<\/div>\n<div class=\"wpb_text_column wpb_content_element\" style=\"text-align: left;\">\n<div class=\"wpb_wrapper\">\n<p>G\u00fc\u00e7:50W<br \/>\nKesik: \u03a6200mm<br \/>\nI\u015f\u0131n a\u00e7\u0131s\u0131: 24\u00b0\/40\u00b0\/55\u00b0<br \/>\nCCT: 2700K\/3000K\/3500K\/4000K<br \/>\nRenk: Beyaz \/ Siyah \/ \u00d6zel<br \/>\nKurulum: G\u00f6mme<\/p>\n<\/div>\n<\/div>\n<p style=\"text-align: left;\"><img decoding=\"async\" class=\"alignnone size-full wp-image-19679\" src=\"https:\/\/sunmelighting.com\/wp-content\/uploads\/2025\/07\/ORO-IP54.webp\" alt=\"\" width=\"400\" height=\"110\" srcset=\"https:\/\/sunmelighting.com\/wp-content\/uploads\/2025\/07\/ORO-IP54.webp 400w, https:\/\/sunmelighting.com\/wp-content\/uploads\/2025\/07\/ORO-IP54-300x83.webp 300w, https:\/\/sunmelighting.com\/wp-content\/uploads\/2025\/07\/ORO-IP54-18x5.webp 18w, https:\/\/sunmelighting.com\/wp-content\/uploads\/2025\/07\/ORO-IP54-150x41.webp 150w\" sizes=\"(max-width: 400px) 100vw, 400px\" \/><\/p>\n<h3 style=\"text-align: left;\" data-wp-editing=\"1\"><strong>\u00dcr\u00fcn A\u00e7\u0131klamas\u0131<\/strong><\/h3>\n<ul>\n<li style=\"text-align: left;\">IP54 G\u00f6mme Downlight, IP54 G\u00f6mme Spotlight.<\/li>\n<li style=\"text-align: left;\">M\u00fckemmel parlama kontrol\u00fcne sahip y\u00fcksek verimli spek\u00fcler reflekt\u00f6r.<\/li>\n<li style=\"text-align: left;\">D\u00f6k\u00fcm \u0131s\u0131 emici, yeterli termal da\u011f\u0131l\u0131m sa\u011flar.<\/li>\n<li style=\"text-align: left;\">Farkl\u0131 boyutlara g\u00f6re 12W'dan maksimum 50W'a kadar g\u00fc\u00e7 t\u00fcketimi.<\/li>\n<li style=\"text-align: left;\">CCT 2700\/3000\/4000\/6000K mevcuttur, uzaktan Triyak \/ 0-10V \/ DALI dimleme iste\u011fe ba\u011fl\u0131d\u0131r.<\/li>\n<\/ul>","protected":false},"featured_media":19716,"comment_status":"closed","ping_status":"closed","template":"","meta":[],"product_brand":[],"product_cat":[342],"product_tag":[],"class_list":{"0":"post-19714","1":"product","2":"type-product","3":"status-publish","4":"has-post-thumbnail","6":"product_cat-oro-ip54","8":"first","9":"instock","10":"shipping-taxable","11":"product-type-simple"},"_links":{"self":[{"href":"https:\/\/sunmelighting.com\/tr\/wp-json\/wp\/v2\/product\/19714","targetHints":{"allow":["GET"]}}],"collection":[{"href":"https:\/\/sunmelighting.com\/tr\/wp-json\/wp\/v2\/product"}],"about":[{"href":"https:\/\/sunmelighting.com\/tr\/wp-json\/wp\/v2\/types\/product"}],"replies":[{"embeddable":true,"href":"https:\/\/sunmelighting.com\/tr\/wp-json\/wp\/v2\/comments?post=19714"}],"version-history":[{"count":0,"href":"https:\/\/sunmelighting.com\/tr\/wp-json\/wp\/v2\/product\/19714\/revisions"}],"wp:featuredmedia":[{"embeddable":true,"href":"https:\/\/sunmelighting.com\/tr\/wp-json\/wp\/v2\/media\/19716"}],"wp:attachment":[{"href":"https:\/\/sunmelighting.com\/tr\/wp-json\/wp\/v2\/media?parent=19714"}],"wp:term":[{"taxonomy":"product_brand","embeddable":true,"href":"https:\/\/sunmelighting.com\/tr\/wp-json\/wp\/v2\/product_brand?post=19714"},{"taxonomy":"product_cat","embeddable":true,"href":"https:\/\/sunmelighting.com\/tr\/wp-json\/wp\/v2\/product_cat?post=19714"},{"taxonomy":"product_tag","embeddable":true,"href":"https:\/\/sunmelighting.com\/tr\/wp-json\/wp\/v2\/product_tag?post=19714"}],"curies":[{"name":"wp","href":"https:\/\/api.w.org\/{rel}","templated":true}]}}